{"id":707,"date":"2024-07-25T16:13:03","date_gmt":"2024-07-25T16:13:03","guid":{"rendered":"https:\/\/jf-sequeira.pt\/?page_id=707"},"modified":"2025-03-16T20:07:11","modified_gmt":"2025-03-16T20:07:11","slug":"avisos","status":"publish","type":"page","link":"https:\/\/jf-sequeira.pt\/index.php\/avisos\/","title":{"rendered":"Avisos"},"content":{"rendered":"\t\t<div data-elementor-type=\"wp-page\" data-elementor-id=\"707\" class=\"elementor elementor-707\" data-elementor-post-type=\"page\">\n\t\t\t\t<div class=\"elementor-element elementor-element-fd619eb e-flex e-con-boxed e-con e-parent\" data-id=\"fd619eb\" data-element_type=\"container\" data-e-type=\"container\">\n\t\t\t\t\t<div class=\"e-con-inner\">\n\t\t\t\t<div class=\"elementor-element elementor-element-ede472c elementor-widget elementor-widget-heading\" data-id=\"ede472c\" data-element_type=\"widget\" data-e-type=\"widget\" data-widget_type=\"heading.default\">\n\t\t\t\t<div class=\"elementor-widget-container\">\n\t\t\t\t\t<h2 class=\"elementor-heading-title elementor-size-default\">Avisos<\/h2>\t\t\t\t<\/div>\n\t\t\t\t<\/div>\n\t\t\t\t<div class=\"elementor-element elementor-element-93d6cc1 elementor-widget elementor-widget-accordion\" data-id=\"93d6cc1\" data-element_type=\"widget\" data-e-type=\"widget\" data-widget_type=\"accordion.default\">\n\t\t\t\t<div class=\"elementor-widget-container\">\n\t\t\t\t\t\t\t<div class=\"elementor-accordion\">\n\t\t\t\t\t\t\t<div class=\"elementor-accordion-item\">\n\t\t\t\t\t<div id=\"elementor-tab-title-1551\" class=\"elementor-tab-title\" data-tab=\"1\" role=\"button\" aria-controls=\"elementor-tab-content-1551\" aria-expanded=\"false\">\n\t\t\t\t\t\t\t\t\t\t\t\t\t<span class=\"elementor-accordion-icon elementor-accordion-icon-right\" aria-hidden=\"true\">\n\t\t\t\t\t\t\t\t\t\t\t\t\t\t\t<span class=\"elementor-accordion-icon-closed\"><svg class=\"e-font-icon-svg e-fas-chevron-down\" viewBox=\"0 0 448 512\" xmlns=\"http:\/\/www.w3.org\/2000\/svg\"><path d=\"M207.029 381.476L12.686 187.132c-9.373-9.373-9.373-24.569 0-33.941l22.667-22.667c9.357-9.357 24.522-9.375 33.901-.04L224 284.505l154.745-154.021c9.379-9.335 24.544-9.317 33.901.04l22.667 22.667c9.373 9.373 9.373 24.569 0 33.941L240.971 381.476c-9.373 9.372-24.569 9.372-33.942 0z\"><\/path><\/svg><\/span>\n\t\t\t\t\t\t\t\t<span class=\"elementor-accordion-icon-opened\"><svg class=\"e-font-icon-svg e-fas-angle-up\" viewBox=\"0 0 320 512\" xmlns=\"http:\/\/www.w3.org\/2000\/svg\"><path d=\"M177 159.7l136 136c9.4 9.4 9.4 24.6 0 33.9l-22.6 22.6c-9.4 9.4-24.6 9.4-33.9 0L160 255.9l-96.4 96.4c-9.4 9.4-24.6 9.4-33.9 0L7 329.7c-9.4-9.4-9.4-24.6 0-33.9l136-136c9.4-9.5 24.6-9.5 34-.1z\"><\/path><\/svg><\/span>\n\t\t\t\t\t\t\t\t\t\t\t\t\t\t<\/span>\n\t\t\t\t\t\t\t\t\t\t\t\t<a class=\"elementor-accordion-title\" tabindex=\"0\">2025<\/a>\n\t\t\t\t\t<\/div>\n\t\t\t\t\t<div id=\"elementor-tab-content-1551\" class=\"elementor-tab-content elementor-clearfix\" data-tab=\"1\" role=\"region\" aria-labelledby=\"elementor-tab-title-1551\"><p><a href=\"https:\/\/jf-sequeira.pt\/wp-content\/uploads\/2025\/03\/Fonte-Cruzeiro.pdf\">An\u00e1lises da \u00e1gua do fontan\u00e1rio do Cuzeiro<\/a><\/p><p><a href=\"https:\/\/jf-sequeira.pt\/wp-content\/uploads\/2025\/03\/Fonte-Barrio.pdf\">An\u00e1lises da \u00e1gua do fontan\u00e1rio do Barrio<\/a><\/p><p><a href=\"https:\/\/jf-sequeira.pt\/wp-content\/uploads\/2025\/03\/Fonte-Caleiros.pdf\">An\u00e1lises da \u00e1gua do fontan\u00e1rio dos Caleiros<\/a><\/p><p><a href=\"https:\/\/jf-sequeira.pt\/wp-content\/uploads\/2025\/03\/Fonte-Gaiosa.pdf\">An\u00e1lises da \u00e1gua do fontan\u00e1rio da Gaiosa<\/a><\/p><p><a href=\"https:\/\/jf-sequeira.pt\/wp-content\/uploads\/2025\/03\/Fonte-Sao-Paio.pdf\">An\u00e1lises da \u00e1gua do fontan\u00e1rio do S. Paio<\/a><\/p><\/div>\n\t\t\t\t<\/div>\n\t\t\t\t\t\t\t\t<\/div>\n\t\t\t\t\t\t<\/div>\n\t\t\t\t<\/div>\n\t\t\t\t\t<\/div>\n\t\t\t\t<\/div>\n\t\t\t\t<\/div>\n\t\t","protected":false},"excerpt":{"rendered":"<p>Avisos 2025 An\u00e1lises da \u00e1gua do fontan\u00e1rio do Cuzeiro An\u00e1lises da \u00e1gua do fontan\u00e1rio do Barrio An\u00e1lises da \u00e1gua do fontan\u00e1rio dos Caleiros An\u00e1lises da \u00e1gua do fontan\u00e1rio da Gaiosa An\u00e1lises da \u00e1gua do fontan\u00e1rio do S. Paio<\/p>\n","protected":false},"author":2,"featured_media":0,"parent":0,"menu_order":0,"comment_status":"closed","ping_status":"closed","template":"page-templates\/template-pagebuilder-full-width.php","meta":{"neve_meta_sidebar":"","neve_meta_container":"","neve_meta_enable_content_width":"","neve_meta_content_width":0,"neve_meta_title_alignment":"","neve_meta_author_avatar":"","neve_post_elements_order":"","neve_meta_disable_header":"","neve_meta_disable_footer":"","neve_meta_disable_title":"","footnotes":""},"class_list":["post-707","page","type-page","status-publish","hentry"],"yoast_head":"<!-- This site is optimized with the Yoast SEO plugin v26.9 - https:\/\/yoast.com\/product\/yoast-seo-wordpress\/ -->\n<title>Avisos - Junta de freguesia Sequeira<\/title>\n<meta name=\"robots\" content=\"index, follow, max-snippet:-1, max-image-preview:large, max-video-preview:-1\" \/>\n<link rel=\"canonical\" href=\"https:\/\/jf-sequeira.pt\/index.php\/avisos\/\" \/>\n<meta property=\"og:locale\" content=\"pt_PT\" \/>\n<meta property=\"og:type\" content=\"article\" \/>\n<meta property=\"og:title\" content=\"Avisos - Junta de freguesia Sequeira\" \/>\n<meta property=\"og:description\" content=\"Avisos 2025 An\u00e1lises da \u00e1gua do fontan\u00e1rio do Cuzeiro An\u00e1lises da \u00e1gua do fontan\u00e1rio do Barrio An\u00e1lises da \u00e1gua do fontan\u00e1rio dos Caleiros An\u00e1lises da \u00e1gua do fontan\u00e1rio da Gaiosa An\u00e1lises da \u00e1gua do fontan\u00e1rio do S. Paio\" \/>\n<meta property=\"og:url\" content=\"https:\/\/jf-sequeira.pt\/index.php\/avisos\/\" \/>\n<meta property=\"og:site_name\" content=\"Junta de freguesia Sequeira\" \/>\n<meta property=\"article:publisher\" content=\"https:\/\/www.facebook.com\/junta.freguesia.sequeira\" \/>\n<meta property=\"article:modified_time\" content=\"2025-03-16T20:07:11+00:00\" \/>\n<meta name=\"twitter:card\" content=\"summary_large_image\" \/>\n<meta name=\"twitter:label1\" content=\"Tempo estimado de leitura\" \/>\n\t<meta name=\"twitter:data1\" content=\"1 minuto\" \/>\n<script type=\"application\/ld+json\" class=\"yoast-schema-graph\">{\"@context\":\"https:\/\/schema.org\",\"@graph\":[{\"@type\":\"WebPage\",\"@id\":\"https:\/\/jf-sequeira.pt\/index.php\/avisos\/\",\"url\":\"https:\/\/jf-sequeira.pt\/index.php\/avisos\/\",\"name\":\"Avisos - Junta de freguesia Sequeira\",\"isPartOf\":{\"@id\":\"https:\/\/jf-sequeira.pt\/#website\"},\"datePublished\":\"2024-07-25T16:13:03+00:00\",\"dateModified\":\"2025-03-16T20:07:11+00:00\",\"breadcrumb\":{\"@id\":\"https:\/\/jf-sequeira.pt\/index.php\/avisos\/#breadcrumb\"},\"inLanguage\":\"pt-PT\",\"potentialAction\":[{\"@type\":\"ReadAction\",\"target\":[\"https:\/\/jf-sequeira.pt\/index.php\/avisos\/\"]}]},{\"@type\":\"BreadcrumbList\",\"@id\":\"https:\/\/jf-sequeira.pt\/index.php\/avisos\/#breadcrumb\",\"itemListElement\":[{\"@type\":\"ListItem\",\"position\":1,\"name\":\"In\u00edcio\",\"item\":\"https:\/\/jf-sequeira.pt\/\"},{\"@type\":\"ListItem\",\"position\":2,\"name\":\"Avisos\"}]},{\"@type\":\"WebSite\",\"@id\":\"https:\/\/jf-sequeira.pt\/#website\",\"url\":\"https:\/\/jf-sequeira.pt\/\",\"name\":\"Junta de freguesia Sequeira\",\"description\":\"\",\"publisher\":{\"@id\":\"https:\/\/jf-sequeira.pt\/#organization\"},\"potentialAction\":[{\"@type\":\"SearchAction\",\"target\":{\"@type\":\"EntryPoint\",\"urlTemplate\":\"https:\/\/jf-sequeira.pt\/?s={search_term_string}\"},\"query-input\":{\"@type\":\"PropertyValueSpecification\",\"valueRequired\":true,\"valueName\":\"search_term_string\"}}],\"inLanguage\":\"pt-PT\"},{\"@type\":\"Organization\",\"@id\":\"https:\/\/jf-sequeira.pt\/#organization\",\"name\":\"Junta de freguesia Sequeira\",\"url\":\"https:\/\/jf-sequeira.pt\/\",\"logo\":{\"@type\":\"ImageObject\",\"inLanguage\":\"pt-PT\",\"@id\":\"https:\/\/jf-sequeira.pt\/#\/schema\/logo\/image\/\",\"url\":\"https:\/\/jf-sequeira.pt\/wp-content\/uploads\/2024\/06\/logo-junta.jpg\",\"contentUrl\":\"https:\/\/jf-sequeira.pt\/wp-content\/uploads\/2024\/06\/logo-junta.jpg\",\"width\":664,\"height\":762,\"caption\":\"Junta de freguesia Sequeira\"},\"image\":{\"@id\":\"https:\/\/jf-sequeira.pt\/#\/schema\/logo\/image\/\"},\"sameAs\":[\"https:\/\/www.facebook.com\/junta.freguesia.sequeira\"]}]}<\/script>\n<!-- \/ Yoast SEO plugin. -->","yoast_head_json":{"title":"Avisos - Junta de freguesia Sequeira","robots":{"index":"index","follow":"follow","max-snippet":"max-snippet:-1","max-image-preview":"max-image-preview:large","max-video-preview":"max-video-preview:-1"},"canonical":"https:\/\/jf-sequeira.pt\/index.php\/avisos\/","og_locale":"pt_PT","og_type":"article","og_title":"Avisos - Junta de freguesia Sequeira","og_description":"Avisos 2025 An\u00e1lises da \u00e1gua do fontan\u00e1rio do Cuzeiro An\u00e1lises da \u00e1gua do fontan\u00e1rio do Barrio An\u00e1lises da \u00e1gua do fontan\u00e1rio dos Caleiros An\u00e1lises da \u00e1gua do fontan\u00e1rio da Gaiosa An\u00e1lises da \u00e1gua do fontan\u00e1rio do S. Paio","og_url":"https:\/\/jf-sequeira.pt\/index.php\/avisos\/","og_site_name":"Junta de freguesia Sequeira","article_publisher":"https:\/\/www.facebook.com\/junta.freguesia.sequeira","article_modified_time":"2025-03-16T20:07:11+00:00","twitter_card":"summary_large_image","twitter_misc":{"Tempo estimado de leitura":"1 minuto"},"schema":{"@context":"https:\/\/schema.org","@graph":[{"@type":"WebPage","@id":"https:\/\/jf-sequeira.pt\/index.php\/avisos\/","url":"https:\/\/jf-sequeira.pt\/index.php\/avisos\/","name":"Avisos - Junta de freguesia Sequeira","isPartOf":{"@id":"https:\/\/jf-sequeira.pt\/#website"},"datePublished":"2024-07-25T16:13:03+00:00","dateModified":"2025-03-16T20:07:11+00:00","breadcrumb":{"@id":"https:\/\/jf-sequeira.pt\/index.php\/avisos\/#breadcrumb"},"inLanguage":"pt-PT","potentialAction":[{"@type":"ReadAction","target":["https:\/\/jf-sequeira.pt\/index.php\/avisos\/"]}]},{"@type":"BreadcrumbList","@id":"https:\/\/jf-sequeira.pt\/index.php\/avisos\/#breadcrumb","itemListElement":[{"@type":"ListItem","position":1,"name":"In\u00edcio","item":"https:\/\/jf-sequeira.pt\/"},{"@type":"ListItem","position":2,"name":"Avisos"}]},{"@type":"WebSite","@id":"https:\/\/jf-sequeira.pt\/#website","url":"https:\/\/jf-sequeira.pt\/","name":"Junta de freguesia Sequeira","description":"","publisher":{"@id":"https:\/\/jf-sequeira.pt\/#organization"},"potentialAction":[{"@type":"SearchAction","target":{"@type":"EntryPoint","urlTemplate":"https:\/\/jf-sequeira.pt\/?s={search_term_string}"},"query-input":{"@type":"PropertyValueSpecification","valueRequired":true,"valueName":"search_term_string"}}],"inLanguage":"pt-PT"},{"@type":"Organization","@id":"https:\/\/jf-sequeira.pt\/#organization","name":"Junta de freguesia Sequeira","url":"https:\/\/jf-sequeira.pt\/","logo":{"@type":"ImageObject","inLanguage":"pt-PT","@id":"https:\/\/jf-sequeira.pt\/#\/schema\/logo\/image\/","url":"https:\/\/jf-sequeira.pt\/wp-content\/uploads\/2024\/06\/logo-junta.jpg","contentUrl":"https:\/\/jf-sequeira.pt\/wp-content\/uploads\/2024\/06\/logo-junta.jpg","width":664,"height":762,"caption":"Junta de freguesia Sequeira"},"image":{"@id":"https:\/\/jf-sequeira.pt\/#\/schema\/logo\/image\/"},"sameAs":["https:\/\/www.facebook.com\/junta.freguesia.sequeira"]}]}},"_links":{"self":[{"href":"https:\/\/jf-sequeira.pt\/index.php\/wp-json\/wp\/v2\/pages\/707","targetHints":{"allow":["GET"]}}],"collection":[{"href":"https:\/\/jf-sequeira.pt\/index.php\/wp-json\/wp\/v2\/pages"}],"about":[{"href":"https:\/\/jf-sequeira.pt\/index.php\/wp-json\/wp\/v2\/types\/page"}],"author":[{"embeddable":true,"href":"https:\/\/jf-sequeira.pt\/index.php\/wp-json\/wp\/v2\/users\/2"}],"replies":[{"embeddable":true,"href":"https:\/\/jf-sequeira.pt\/index.php\/wp-json\/wp\/v2\/comments?post=707"}],"version-history":[{"count":13,"href":"https:\/\/jf-sequeira.pt\/index.php\/wp-json\/wp\/v2\/pages\/707\/revisions"}],"predecessor-version":[{"id":809,"href":"https:\/\/jf-sequeira.pt\/index.php\/wp-json\/wp\/v2\/pages\/707\/revisions\/809"}],"wp:attachment":[{"href":"https:\/\/jf-sequeira.pt\/index.php\/wp-json\/wp\/v2\/media?parent=707"}],"curies":[{"name":"wp","href":"https:\/\/api.w.org\/{rel}","templated":true}]}}