{"id":202,"date":"2024-06-23T10:21:07","date_gmt":"2024-06-23T10:21:07","guid":{"rendered":"https:\/\/jf-sequeira.pt\/?page_id=202"},"modified":"2024-10-09T13:59:57","modified_gmt":"2024-10-09T13:59:57","slug":"contactos","status":"publish","type":"page","link":"https:\/\/jf-sequeira.pt\/index.php\/contactos\/","title":{"rendered":"Contactos"},"content":{"rendered":"\t\t<div data-elementor-type=\"wp-page\" data-elementor-id=\"202\" class=\"elementor elementor-202\" data-elementor-post-type=\"page\">\n\t\t\t\t<div class=\"elementor-element elementor-element-ba17e72 elementor-hidden-mobile e-flex e-con-boxed e-con e-parent\" data-id=\"ba17e72\" data-element_type=\"container\" data-e-type=\"container\">\n\t\t\t\t\t<div class=\"e-con-inner\">\n\t\t\t\t<div class=\"elementor-element elementor-element-475113e elementor-widget elementor-widget-heading\" data-id=\"475113e\" data-element_type=\"widget\" data-e-type=\"widget\" data-widget_type=\"heading.default\">\n\t\t\t\t<div class=\"elementor-widget-container\">\n\t\t\t\t\t<h2 class=\"elementor-heading-title elementor-size-default\">Contactos<\/h2>\t\t\t\t<\/div>\n\t\t\t\t<\/div>\n\t\t\t\t\t<\/div>\n\t\t\t\t<\/div>\n\t\t<div class=\"elementor-element elementor-element-53e556b e-flex e-con-boxed e-con e-parent\" data-id=\"53e556b\" data-element_type=\"container\" data-e-type=\"container\">\n\t\t\t\t\t<div class=\"e-con-inner\">\n\t\t<div class=\"elementor-element elementor-element-86e929a e-con-full e-flex e-con e-child\" data-id=\"86e929a\" data-element_type=\"container\" data-e-type=\"container\">\n\t\t\t\t<div class=\"elementor-element elementor-element-a73862e elementor-widget elementor-widget-heading\" data-id=\"a73862e\" data-element_type=\"widget\" data-e-type=\"widget\" data-widget_type=\"heading.default\">\n\t\t\t\t<div class=\"elementor-widget-container\">\n\t\t\t\t\t<h2 class=\"elementor-heading-title elementor-size-default\">Contactos<\/h2>\t\t\t\t<\/div>\n\t\t\t\t<\/div>\n\t\t\t\t<div class=\"elementor-element elementor-element-2875750 elementor-widget elementor-widget-text-editor\" data-id=\"2875750\" data-element_type=\"widget\" data-e-type=\"widget\" data-widget_type=\"text-editor.default\">\n\t\t\t\t<div class=\"elementor-widget-container\">\n\t\t\t\t\t\t\t\t\t<p>Telf.: 253 672 932\u00a0<br \/>Fax: 253 672 932<br \/>(Chamada para a rede fixa nacional)<br \/>Email: geral@jf-sequeira.pt<\/p>\t\t\t\t\t\t\t\t<\/div>\n\t\t\t\t<\/div>\n\t\t\t\t<\/div>\n\t\t<div class=\"elementor-element elementor-element-3b2fb7d e-con-full e-flex e-con e-child\" data-id=\"3b2fb7d\" data-element_type=\"container\" data-e-type=\"container\">\n\t\t\t\t<div class=\"elementor-element elementor-element-18077a9 elementor-widget elementor-widget-heading\" data-id=\"18077a9\" data-element_type=\"widget\" data-e-type=\"widget\" data-widget_type=\"heading.default\">\n\t\t\t\t<div class=\"elementor-widget-container\">\n\t\t\t\t\t<h2 class=\"elementor-heading-title elementor-size-default\">Morada<\/h2>\t\t\t\t<\/div>\n\t\t\t\t<\/div>\n\t\t\t\t<div class=\"elementor-element elementor-element-f68dae2 elementor-widget elementor-widget-text-editor\" data-id=\"f68dae2\" data-element_type=\"widget\" data-e-type=\"widget\" data-widget_type=\"text-editor.default\">\n\t\t\t\t<div class=\"elementor-widget-container\">\n\t\t\t\t\t\t\t\t\t<p>Junta de Freguesia de Sequeira<br \/>Rua da Escola, n.\u00ba 1<br \/>4705-629 Sequeira<br \/>Braga<\/p>\t\t\t\t\t\t\t\t<\/div>\n\t\t\t\t<\/div>\n\t\t\t\t<\/div>\n\t\t<div class=\"elementor-element elementor-element-2f05ab2 e-con-full e-flex e-con e-child\" data-id=\"2f05ab2\" data-element_type=\"container\" data-e-type=\"container\">\n\t\t\t\t<div class=\"elementor-element elementor-element-54d24ca elementor-widget elementor-widget-shortcode\" data-id=\"54d24ca\" data-element_type=\"widget\" data-e-type=\"widget\" data-widget_type=\"shortcode.default\">\n\t\t\t\t<div class=\"elementor-widget-container\">\n\t\t\t\t\t\t\t<div class=\"elementor-shortcode\"><iframe src=\"https:\/\/www.google.com\/maps\/embed?pb=!1m18!1m12!1m3!1d2702.8237870748385!2d-8.476034924458395!3d41.53205748700992!2m3!1f0!2f0!3f0!3m2!1i1024!2i768!4f13.1!3m3!1m2!1s0xd24ff5208ad7655%3A0x1f97814c76a28c31!2sJunta%20de%20Freguesia%20de%20Sequeira!5e1!3m2!1spt-PT!2spt!4v1719138323512!5m2!1spt-PT!2spt\" width=\"400\" height=\"300\" style=\"border:0;\" allowfullscreen=\"\" loading=\"lazy\" referrerpolicy=\"no-referrer-when-downgrade\"><\/iframe><\/div>\n\t\t\t\t\t\t<\/div>\n\t\t\t\t<\/div>\n\t\t\t\t<\/div>\n\t\t\t\t\t<\/div>\n\t\t\t\t<\/div>\n\t\t<div class=\"elementor-element elementor-element-3fc23b4 e-flex e-con-boxed e-con e-parent\" data-id=\"3fc23b4\" data-element_type=\"container\" data-e-type=\"container\">\n\t\t\t\t\t<div class=\"e-con-inner\">\n\t\t<div class=\"elementor-element elementor-element-adb5e1e e-con-full elementor-hidden-mobile e-flex e-con e-child\" data-id=\"adb5e1e\" data-element_type=\"container\" data-e-type=\"container\">\n\t\t\t\t<\/div>\n\t\t<div class=\"elementor-element elementor-element-bee2745 e-con-full e-flex e-con e-child\" data-id=\"bee2745\" data-element_type=\"container\" data-e-type=\"container\" data-settings=\"{&quot;background_background&quot;:&quot;classic&quot;}\">\n\t\t\t\t<div class=\"elementor-element elementor-element-7c0fa6f elementor-widget elementor-widget-image\" data-id=\"7c0fa6f\" data-element_type=\"widget\" data-e-type=\"widget\" data-widget_type=\"image.default\">\n\t\t\t\t<div class=\"elementor-widget-container\">\n\t\t\t\t\t\t\t\t\t\t\t\t\t\t\t<img decoding=\"async\" width=\"205\" height=\"239\" src=\"https:\/\/jf-sequeira.pt\/wp-content\/uploads\/2024\/06\/Logo-junta.svg\" class=\"attachment-full size-full wp-image-206\" alt=\"\" \/>\t\t\t\t\t\t\t\t\t\t\t\t\t\t\t<\/div>\n\t\t\t\t<\/div>\n\t\t\t\t<\/div>\n\t\t<div class=\"elementor-element elementor-element-5c4d2e9 e-con-full e-flex e-con e-child\" data-id=\"5c4d2e9\" data-element_type=\"container\" data-e-type=\"container\" data-settings=\"{&quot;background_background&quot;:&quot;classic&quot;}\">\n\t\t\t\t<div class=\"elementor-element elementor-element-58c0a13 elementor-widget elementor-widget-heading\" data-id=\"58c0a13\" data-element_type=\"widget\" data-e-type=\"widget\" data-widget_type=\"heading.default\">\n\t\t\t\t<div class=\"elementor-widget-container\">\n\t\t\t\t\t<h2 class=\"elementor-heading-title elementor-size-default\">Hor\u00e1rios de Funcionamento<\/h2>\t\t\t\t<\/div>\n\t\t\t\t<\/div>\n\t\t\t\t<div class=\"elementor-element elementor-element-e9b071c elementor-widget elementor-widget-text-editor\" data-id=\"e9b071c\" data-element_type=\"widget\" data-e-type=\"widget\" data-widget_type=\"text-editor.default\">\n\t\t\t\t<div class=\"elementor-widget-container\">\n\t\t\t\t\t\t\t\t\t<p><strong>Junta de Freguesia\/Espa\u00e7o Cidad\u00e3o<\/strong><br>Segunda a Sexta-feira &#8211;<br>09h00 \u00e0s 12h30<br>14h00 \u00e0s 17h30<\/p>\n<p><strong>Executivo<\/strong><br>Ter\u00e7a-feira &#8211; 19h00 \u00e0s 20h00<br>Quinta-feira &#8211; 19h00 \u00e0s 20h00<br>S\u00e1bados &#8211; 10h00 \u00e0s 12h00<\/p>\t\t\t\t\t\t\t\t<\/div>\n\t\t\t\t<\/div>\n\t\t\t\t<\/div>\n\t\t<div class=\"elementor-element elementor-element-9ab97af e-con-full elementor-hidden-mobile e-flex e-con e-child\" data-id=\"9ab97af\" data-element_type=\"container\" data-e-type=\"container\">\n\t\t\t\t<\/div>\n\t\t\t\t\t<\/div>\n\t\t\t\t<\/div>\n\t\t<div class=\"elementor-element elementor-element-7ad4d64 sugerir e-flex e-con-boxed e-con e-parent\" data-id=\"7ad4d64\" data-element_type=\"container\" data-e-type=\"container\" id=\"sugerir\">\n\t\t\t\t\t<div class=\"e-con-inner\">\n\t\t\t\t<div class=\"elementor-element elementor-element-ebd3d45 elementor-widget elementor-widget-heading\" data-id=\"ebd3d45\" data-element_type=\"widget\" data-e-type=\"widget\" data-widget_type=\"heading.default\">\n\t\t\t\t<div class=\"elementor-widget-container\">\n\t\t\t\t\t<h2 class=\"elementor-heading-title elementor-size-default\">Registo de Sugest\u00f5es<\/h2>\t\t\t\t<\/div>\n\t\t\t\t<\/div>\n\t\t\t\t<div class=\"elementor-element elementor-element-258dfaa elementor-widget elementor-widget-text-editor\" data-id=\"258dfaa\" data-element_type=\"widget\" data-e-type=\"widget\" data-widget_type=\"text-editor.default\">\n\t\t\t\t<div class=\"elementor-widget-container\">\n\t\t\t\t\t\t\t\t\t<p>Deixe as suas sugest\u00f5es e ideias no nosso formul\u00e1rio, e ajude a moldar o futuro da nossa freguesia!<\/p>\t\t\t\t\t\t\t\t<\/div>\n\t\t\t\t<\/div>\n\t\t\t\t\t<\/div>\n\t\t\t\t<\/div>\n\t\t<div class=\"elementor-element elementor-element-3c2cf62 e-flex e-con-boxed e-con e-parent\" data-id=\"3c2cf62\" data-element_type=\"container\" data-e-type=\"container\">\n\t\t\t\t\t<div class=\"e-con-inner\">\n\t\t<div class=\"elementor-element elementor-element-2e07d26 e-con-full e-flex e-con e-child\" data-id=\"2e07d26\" data-element_type=\"container\" data-e-type=\"container\">\n\t\t\t\t<div class=\"elementor-element elementor-element-6af795a elementor-button-align-start elementor-widget elementor-widget-form\" data-id=\"6af795a\" data-element_type=\"widget\" data-e-type=\"widget\" data-settings=\"{&quot;step_next_label&quot;:&quot;Next&quot;,&quot;step_previous_label&quot;:&quot;Previous&quot;,&quot;button_width&quot;:&quot;100&quot;,&quot;step_type&quot;:&quot;number_text&quot;,&quot;step_icon_shape&quot;:&quot;circle&quot;}\" data-widget_type=\"form.default\">\n\t\t\t\t<div class=\"elementor-widget-container\">\n\t\t\t\t\t\t\t<form class=\"elementor-form\" method=\"post\" name=\"Entrar em contacto\">\n\t\t\t<input type=\"hidden\" name=\"post_id\" value=\"202\"\/>\n\t\t\t<input type=\"hidden\" name=\"form_id\" value=\"6af795a\"\/>\n\t\t\t<input type=\"hidden\" name=\"referer_title\" value=\"Junta de freguesia Sequeira\" \/>\n\n\t\t\t\n\t\t\t<div class=\"elementor-form-fields-wrapper elementor-labels-above\">\n\t\t\t\t\t\t\t\t<div class=\"elementor-field-type-text elementor-field-group elementor-column elementor-field-group-name elementor-col-100 elementor-field-required\">\n\t\t\t\t\t\t\t\t\t\t\t\t<label for=\"form-field-name\" class=\"elementor-field-label\">\n\t\t\t\t\t\t\t\tName\t\t\t\t\t\t\t<\/label>\n\t\t\t\t\t\t\t\t\t\t\t\t\t\t<input size=\"1\" type=\"text\" name=\"form_fields[name]\" id=\"form-field-name\" class=\"elementor-field elementor-size-sm  elementor-field-textual\" placeholder=\"Name\" required=\"required\" aria-required=\"true\">\n\t\t\t\t\t\t\t\t\t\t\t<\/div>\n\t\t\t\t\t\t\t\t<div class=\"elementor-field-type-number elementor-field-group elementor-column elementor-field-group-email elementor-col-100 elementor-field-required\">\n\t\t\t\t\t\t\t\t\t\t\t\t<label for=\"form-field-email\" class=\"elementor-field-label\">\n\t\t\t\t\t\t\t\tContacto\t\t\t\t\t\t\t<\/label>\n\t\t\t\t\t\t\t\t\t<input type=\"number\" name=\"form_fields[email]\" id=\"form-field-email\" class=\"elementor-field elementor-size-sm  elementor-field-textual\" placeholder=\"Contacto\" required=\"required\" aria-required=\"true\" min=\"\" max=\"\" >\n\t\t\t\t\t\t<\/div>\n\t\t\t\t\t\t\t\t<div class=\"elementor-field-type-email elementor-field-group elementor-column elementor-field-group-field_c8b72e6 elementor-col-100 elementor-field-required\">\n\t\t\t\t\t\t\t\t\t\t\t\t<label for=\"form-field-field_c8b72e6\" class=\"elementor-field-label\">\n\t\t\t\t\t\t\t\tEmail\t\t\t\t\t\t\t<\/label>\n\t\t\t\t\t\t\t\t\t\t\t\t\t\t<input size=\"1\" type=\"email\" name=\"form_fields[field_c8b72e6]\" id=\"form-field-field_c8b72e6\" class=\"elementor-field elementor-size-sm  elementor-field-textual\" placeholder=\"Email\" required=\"required\" aria-required=\"true\">\n\t\t\t\t\t\t\t\t\t\t\t<\/div>\n\t\t\t\t\t\t\t\t<div class=\"elementor-field-type-textarea elementor-field-group elementor-column elementor-field-group-message elementor-col-100 elementor-field-required\">\n\t\t\t\t\t\t\t\t\t\t\t\t<label for=\"form-field-message\" class=\"elementor-field-label\">\n\t\t\t\t\t\t\t\tMensagem\t\t\t\t\t\t\t<\/label>\n\t\t\t\t\t\t<textarea class=\"elementor-field-textual elementor-field  elementor-size-sm\" name=\"form_fields[message]\" id=\"form-field-message\" rows=\"4\" placeholder=\"Mensagem\" required=\"required\" aria-required=\"true\"><\/textarea>\t\t\t\t<\/div>\n\t\t\t\t\t\t\t\t<div class=\"elementor-field-type-upload elementor-field-group elementor-column elementor-field-group-field_e28e9ab elementor-col-100\">\n\t\t\t\t\t\t\t<input type=\"file\" name=\"form_fields[field_e28e9ab]\" id=\"form-field-field_e28e9ab\" class=\"elementor-field elementor-size-sm  elementor-upload-field\">\n\n\t\t\t\t\t\t<\/div>\n\t\t\t\t\t\t\t\t<div class=\"elementor-field-group elementor-column elementor-field-type-submit elementor-col-100 e-form__buttons\">\n\t\t\t\t\t<button class=\"elementor-button elementor-size-sm\" type=\"submit\">\n\t\t\t\t\t\t<span class=\"elementor-button-content-wrapper\">\n\t\t\t\t\t\t\t\t\t\t\t\t\t\t\t\t\t\t\t\t\t\t<span class=\"elementor-button-text\">Enviar<\/span>\n\t\t\t\t\t\t\t\t\t\t\t\t\t<\/span>\n\t\t\t\t\t<\/button>\n\t\t\t\t<\/div>\n\t\t\t<\/div>\n\t\t<\/form>\n\t\t\t\t\t\t<\/div>\n\t\t\t\t<\/div>\n\t\t\t\t<\/div>\n\t\t<div class=\"elementor-element elementor-element-0cb4003 e-con-full elementor-hidden-mobile e-flex e-con e-child\" data-id=\"0cb4003\" data-element_type=\"container\" data-e-type=\"container\">\n\t\t\t\t<div class=\"elementor-element elementor-element-73f3351 elementor-widget elementor-widget-image\" data-id=\"73f3351\" data-element_type=\"widget\" data-e-type=\"widget\" data-widget_type=\"image.default\">\n\t\t\t\t<div class=\"elementor-widget-container\">\n\t\t\t\t\t\t\t\t\t\t\t\t\t\t\t<img decoding=\"async\" src=\"https:\/\/jf-sequeira.pt\/wp-content\/uploads\/2024\/06\/Livro-e-caneta.svg\" title=\"Livro e caneta\" alt=\"Livro e caneta\" loading=\"lazy\" \/>\t\t\t\t\t\t\t\t\t\t\t\t\t\t\t<\/div>\n\t\t\t\t<\/div>\n\t\t\t\t<\/div>\n\t\t\t\t\t<\/div>\n\t\t\t\t<\/div>\n\t\t\t\t<\/div>\n\t\t","protected":false},"excerpt":{"rendered":"<p>Contactos Contactos Telf.: 253 672 932\u00a0Fax: 253 672 932(Chamada para a rede fixa nacional)Email: geral@jf-sequeira.pt Morada Junta de Freguesia de SequeiraRua da Escola, n.\u00ba 14705-629 SequeiraBraga Hor\u00e1rios de Funcionamento Junta de Freguesia\/Espa\u00e7o Cidad\u00e3oSegunda a Sexta-feira &#8211;09h00 \u00e0s 12h3014h00 \u00e0s 17h30 ExecutivoTer\u00e7a-feira &#8211; 19h00 \u00e0s 20h00Quinta-feira &#8211; 19h00 \u00e0s 20h00S\u00e1bados &#8211; 10h00 \u00e0s 12h00 Registo de&hellip;&nbsp;<a href=\"https:\/\/jf-sequeira.pt\/index.php\/contactos\/\" rel=\"bookmark\">Ler mais &raquo;<span class=\"screen-reader-text\">Contactos<\/span><\/a><\/p>\n","protected":false},"author":2,"featured_media":0,"parent":0,"menu_order":0,"comment_status":"closed","ping_status":"closed","template":"page-templates\/template-pagebuilder-full-width.php","meta":{"neve_meta_sidebar":"","neve_meta_container":"","neve_meta_enable_content_width":"","neve_meta_content_width":0,"neve_meta_title_alignment":"","neve_meta_author_avatar":"","neve_post_elements_order":"","neve_meta_disable_header":"","neve_meta_disable_footer":"","neve_meta_disable_title":"","footnotes":""},"class_list":["post-202","page","type-page","status-publish","hentry"],"yoast_head":"<!-- This site is optimized with the Yoast SEO plugin v26.9 - https:\/\/yoast.com\/product\/yoast-seo-wordpress\/ -->\n<title>Contactos - Junta de freguesia Sequeira<\/title>\n<meta name=\"robots\" content=\"index, follow, max-snippet:-1, max-image-preview:large, max-video-preview:-1\" \/>\n<link rel=\"canonical\" href=\"https:\/\/jf-sequeira.pt\/index.php\/contactos\/\" \/>\n<meta property=\"og:locale\" content=\"pt_PT\" \/>\n<meta property=\"og:type\" content=\"article\" \/>\n<meta property=\"og:title\" content=\"Contactos - Junta de freguesia Sequeira\" \/>\n<meta property=\"og:description\" content=\"Contactos Contactos Telf.: 253 672 932\u00a0Fax: 253 672 932(Chamada para a rede fixa nacional)Email: geral@jf-sequeira.pt Morada Junta de Freguesia de SequeiraRua da Escola, n.\u00ba 14705-629 SequeiraBraga Hor\u00e1rios de Funcionamento Junta de Freguesia\/Espa\u00e7o Cidad\u00e3oSegunda a Sexta-feira &#8211;09h00 \u00e0s 12h3014h00 \u00e0s 17h30 ExecutivoTer\u00e7a-feira &#8211; 19h00 \u00e0s 20h00Quinta-feira &#8211; 19h00 \u00e0s 20h00S\u00e1bados &#8211; 10h00 \u00e0s 12h00 Registo de&hellip;&nbsp;Ler mais &raquo;Contactos\" \/>\n<meta property=\"og:url\" content=\"https:\/\/jf-sequeira.pt\/index.php\/contactos\/\" \/>\n<meta property=\"og:site_name\" content=\"Junta de freguesia Sequeira\" \/>\n<meta property=\"article:publisher\" content=\"https:\/\/www.facebook.com\/junta.freguesia.sequeira\" \/>\n<meta property=\"article:modified_time\" content=\"2024-10-09T13:59:57+00:00\" \/>\n<meta property=\"og:image\" content=\"https:\/\/jf-sequeira.pt\/wp-content\/uploads\/2024\/06\/Logo-junta.svg\" \/>\n<meta name=\"twitter:card\" content=\"summary_large_image\" \/>\n<meta name=\"twitter:label1\" content=\"Tempo estimado de leitura\" \/>\n\t<meta name=\"twitter:data1\" content=\"1 minuto\" \/>\n<script type=\"application\/ld+json\" class=\"yoast-schema-graph\">{\"@context\":\"https:\/\/schema.org\",\"@graph\":[{\"@type\":\"WebPage\",\"@id\":\"https:\/\/jf-sequeira.pt\/index.php\/contactos\/\",\"url\":\"https:\/\/jf-sequeira.pt\/index.php\/contactos\/\",\"name\":\"Contactos - Junta de freguesia Sequeira\",\"isPartOf\":{\"@id\":\"https:\/\/jf-sequeira.pt\/#website\"},\"primaryImageOfPage\":{\"@id\":\"https:\/\/jf-sequeira.pt\/index.php\/contactos\/#primaryimage\"},\"image\":{\"@id\":\"https:\/\/jf-sequeira.pt\/index.php\/contactos\/#primaryimage\"},\"thumbnailUrl\":\"https:\/\/jf-sequeira.pt\/wp-content\/uploads\/2024\/06\/Logo-junta.svg\",\"datePublished\":\"2024-06-23T10:21:07+00:00\",\"dateModified\":\"2024-10-09T13:59:57+00:00\",\"breadcrumb\":{\"@id\":\"https:\/\/jf-sequeira.pt\/index.php\/contactos\/#breadcrumb\"},\"inLanguage\":\"pt-PT\",\"potentialAction\":[{\"@type\":\"ReadAction\",\"target\":[\"https:\/\/jf-sequeira.pt\/index.php\/contactos\/\"]}]},{\"@type\":\"ImageObject\",\"inLanguage\":\"pt-PT\",\"@id\":\"https:\/\/jf-sequeira.pt\/index.php\/contactos\/#primaryimage\",\"url\":\"https:\/\/jf-sequeira.pt\/wp-content\/uploads\/2024\/06\/Logo-junta.svg\",\"contentUrl\":\"https:\/\/jf-sequeira.pt\/wp-content\/uploads\/2024\/06\/Logo-junta.svg\",\"width\":205,\"height\":239},{\"@type\":\"BreadcrumbList\",\"@id\":\"https:\/\/jf-sequeira.pt\/index.php\/contactos\/#breadcrumb\",\"itemListElement\":[{\"@type\":\"ListItem\",\"position\":1,\"name\":\"In\u00edcio\",\"item\":\"https:\/\/jf-sequeira.pt\/\"},{\"@type\":\"ListItem\",\"position\":2,\"name\":\"Contactos\"}]},{\"@type\":\"WebSite\",\"@id\":\"https:\/\/jf-sequeira.pt\/#website\",\"url\":\"https:\/\/jf-sequeira.pt\/\",\"name\":\"Junta de freguesia Sequeira\",\"description\":\"\",\"publisher\":{\"@id\":\"https:\/\/jf-sequeira.pt\/#organization\"},\"potentialAction\":[{\"@type\":\"SearchAction\",\"target\":{\"@type\":\"EntryPoint\",\"urlTemplate\":\"https:\/\/jf-sequeira.pt\/?s={search_term_string}\"},\"query-input\":{\"@type\":\"PropertyValueSpecification\",\"valueRequired\":true,\"valueName\":\"search_term_string\"}}],\"inLanguage\":\"pt-PT\"},{\"@type\":\"Organization\",\"@id\":\"https:\/\/jf-sequeira.pt\/#organization\",\"name\":\"Junta de freguesia Sequeira\",\"url\":\"https:\/\/jf-sequeira.pt\/\",\"logo\":{\"@type\":\"ImageObject\",\"inLanguage\":\"pt-PT\",\"@id\":\"https:\/\/jf-sequeira.pt\/#\/schema\/logo\/image\/\",\"url\":\"https:\/\/jf-sequeira.pt\/wp-content\/uploads\/2024\/06\/logo-junta.jpg\",\"contentUrl\":\"https:\/\/jf-sequeira.pt\/wp-content\/uploads\/2024\/06\/logo-junta.jpg\",\"width\":664,\"height\":762,\"caption\":\"Junta de freguesia Sequeira\"},\"image\":{\"@id\":\"https:\/\/jf-sequeira.pt\/#\/schema\/logo\/image\/\"},\"sameAs\":[\"https:\/\/www.facebook.com\/junta.freguesia.sequeira\"]}]}<\/script>\n<!-- \/ Yoast SEO plugin. -->","yoast_head_json":{"title":"Contactos - Junta de freguesia Sequeira","robots":{"index":"index","follow":"follow","max-snippet":"max-snippet:-1","max-image-preview":"max-image-preview:large","max-video-preview":"max-video-preview:-1"},"canonical":"https:\/\/jf-sequeira.pt\/index.php\/contactos\/","og_locale":"pt_PT","og_type":"article","og_title":"Contactos - Junta de freguesia Sequeira","og_description":"Contactos Contactos Telf.: 253 672 932\u00a0Fax: 253 672 932(Chamada para a rede fixa nacional)Email: geral@jf-sequeira.pt Morada Junta de Freguesia de SequeiraRua da Escola, n.\u00ba 14705-629 SequeiraBraga Hor\u00e1rios de Funcionamento Junta de Freguesia\/Espa\u00e7o Cidad\u00e3oSegunda a Sexta-feira &#8211;09h00 \u00e0s 12h3014h00 \u00e0s 17h30 ExecutivoTer\u00e7a-feira &#8211; 19h00 \u00e0s 20h00Quinta-feira &#8211; 19h00 \u00e0s 20h00S\u00e1bados &#8211; 10h00 \u00e0s 12h00 Registo de&hellip;&nbsp;Ler mais &raquo;Contactos","og_url":"https:\/\/jf-sequeira.pt\/index.php\/contactos\/","og_site_name":"Junta de freguesia Sequeira","article_publisher":"https:\/\/www.facebook.com\/junta.freguesia.sequeira","article_modified_time":"2024-10-09T13:59:57+00:00","og_image":[{"url":"https:\/\/jf-sequeira.pt\/wp-content\/uploads\/2024\/06\/Logo-junta.svg","type":"","width":"","height":""}],"twitter_card":"summary_large_image","twitter_misc":{"Tempo estimado de leitura":"1 minuto"},"schema":{"@context":"https:\/\/schema.org","@graph":[{"@type":"WebPage","@id":"https:\/\/jf-sequeira.pt\/index.php\/contactos\/","url":"https:\/\/jf-sequeira.pt\/index.php\/contactos\/","name":"Contactos - Junta de freguesia Sequeira","isPartOf":{"@id":"https:\/\/jf-sequeira.pt\/#website"},"primaryImageOfPage":{"@id":"https:\/\/jf-sequeira.pt\/index.php\/contactos\/#primaryimage"},"image":{"@id":"https:\/\/jf-sequeira.pt\/index.php\/contactos\/#primaryimage"},"thumbnailUrl":"https:\/\/jf-sequeira.pt\/wp-content\/uploads\/2024\/06\/Logo-junta.svg","datePublished":"2024-06-23T10:21:07+00:00","dateModified":"2024-10-09T13:59:57+00:00","breadcrumb":{"@id":"https:\/\/jf-sequeira.pt\/index.php\/contactos\/#breadcrumb"},"inLanguage":"pt-PT","potentialAction":[{"@type":"ReadAction","target":["https:\/\/jf-sequeira.pt\/index.php\/contactos\/"]}]},{"@type":"ImageObject","inLanguage":"pt-PT","@id":"https:\/\/jf-sequeira.pt\/index.php\/contactos\/#primaryimage","url":"https:\/\/jf-sequeira.pt\/wp-content\/uploads\/2024\/06\/Logo-junta.svg","contentUrl":"https:\/\/jf-sequeira.pt\/wp-content\/uploads\/2024\/06\/Logo-junta.svg","width":205,"height":239},{"@type":"BreadcrumbList","@id":"https:\/\/jf-sequeira.pt\/index.php\/contactos\/#breadcrumb","itemListElement":[{"@type":"ListItem","position":1,"name":"In\u00edcio","item":"https:\/\/jf-sequeira.pt\/"},{"@type":"ListItem","position":2,"name":"Contactos"}]},{"@type":"WebSite","@id":"https:\/\/jf-sequeira.pt\/#website","url":"https:\/\/jf-sequeira.pt\/","name":"Junta de freguesia Sequeira","description":"","publisher":{"@id":"https:\/\/jf-sequeira.pt\/#organization"},"potentialAction":[{"@type":"SearchAction","target":{"@type":"EntryPoint","urlTemplate":"https:\/\/jf-sequeira.pt\/?s={search_term_string}"},"query-input":{"@type":"PropertyValueSpecification","valueRequired":true,"valueName":"search_term_string"}}],"inLanguage":"pt-PT"},{"@type":"Organization","@id":"https:\/\/jf-sequeira.pt\/#organization","name":"Junta de freguesia Sequeira","url":"https:\/\/jf-sequeira.pt\/","logo":{"@type":"ImageObject","inLanguage":"pt-PT","@id":"https:\/\/jf-sequeira.pt\/#\/schema\/logo\/image\/","url":"https:\/\/jf-sequeira.pt\/wp-content\/uploads\/2024\/06\/logo-junta.jpg","contentUrl":"https:\/\/jf-sequeira.pt\/wp-content\/uploads\/2024\/06\/logo-junta.jpg","width":664,"height":762,"caption":"Junta de freguesia Sequeira"},"image":{"@id":"https:\/\/jf-sequeira.pt\/#\/schema\/logo\/image\/"},"sameAs":["https:\/\/www.facebook.com\/junta.freguesia.sequeira"]}]}},"_links":{"self":[{"href":"https:\/\/jf-sequeira.pt\/index.php\/wp-json\/wp\/v2\/pages\/202","targetHints":{"allow":["GET"]}}],"collection":[{"href":"https:\/\/jf-sequeira.pt\/index.php\/wp-json\/wp\/v2\/pages"}],"about":[{"href":"https:\/\/jf-sequeira.pt\/index.php\/wp-json\/wp\/v2\/types\/page"}],"author":[{"embeddable":true,"href":"https:\/\/jf-sequeira.pt\/index.php\/wp-json\/wp\/v2\/users\/2"}],"replies":[{"embeddable":true,"href":"https:\/\/jf-sequeira.pt\/index.php\/wp-json\/wp\/v2\/comments?post=202"}],"version-history":[{"count":37,"href":"https:\/\/jf-sequeira.pt\/index.php\/wp-json\/wp\/v2\/pages\/202\/revisions"}],"predecessor-version":[{"id":771,"href":"https:\/\/jf-sequeira.pt\/index.php\/wp-json\/wp\/v2\/pages\/202\/revisions\/771"}],"wp:attachment":[{"href":"https:\/\/jf-sequeira.pt\/index.php\/wp-json\/wp\/v2\/media?parent=202"}],"curies":[{"name":"wp","href":"https:\/\/api.w.org\/{rel}","templated":true}]}}