{"id":178,"date":"2024-06-22T10:41:11","date_gmt":"2024-06-22T10:41:11","guid":{"rendered":"https:\/\/jf-sequeira.pt\/?page_id=178"},"modified":"2024-07-10T17:38:32","modified_gmt":"2024-07-10T17:38:32","slug":"espaco-cidadao","status":"publish","type":"page","link":"https:\/\/jf-sequeira.pt\/index.php\/espaco-cidadao\/","title":{"rendered":"Espa\u00e7o do Cidad\u00e3o"},"content":{"rendered":"\t\t<div data-elementor-type=\"wp-page\" data-elementor-id=\"178\" class=\"elementor elementor-178\" data-elementor-post-type=\"page\">\n\t\t\t\t<div class=\"elementor-element elementor-element-57d39bc e-flex e-con-boxed e-con e-parent\" data-id=\"57d39bc\" data-element_type=\"container\" data-e-type=\"container\">\n\t\t\t\t\t<div class=\"e-con-inner\">\n\t\t\t\t<div class=\"elementor-element elementor-element-070ad73 elementor-widget elementor-widget-heading\" data-id=\"070ad73\" data-element_type=\"widget\" data-e-type=\"widget\" data-widget_type=\"heading.default\">\n\t\t\t\t<div class=\"elementor-widget-container\">\n\t\t\t\t\t<h2 class=\"elementor-heading-title elementor-size-default\">Espa\u00e7o do Cidad\u00e3o<\/h2>\t\t\t\t<\/div>\n\t\t\t\t<\/div>\n\t\t\t\t\t<\/div>\n\t\t\t\t<\/div>\n\t\t<div class=\"elementor-element elementor-element-df6c38a e-flex e-con-boxed e-con e-parent\" data-id=\"df6c38a\" data-element_type=\"container\" data-e-type=\"container\">\n\t\t\t\t\t<div class=\"e-con-inner\">\n\t\t<div class=\"elementor-element elementor-element-621daa1 e-con-full e-flex e-con e-child\" data-id=\"621daa1\" data-element_type=\"container\" data-e-type=\"container\">\n\t\t\t\t<div class=\"elementor-element elementor-element-5e297bf elementor-widget elementor-widget-text-editor\" data-id=\"5e297bf\" data-element_type=\"widget\" data-e-type=\"widget\" data-widget_type=\"text-editor.default\">\n\t\t\t\t<div class=\"elementor-widget-container\">\n\t\t\t\t\t\t\t\t\t<p>HORARIO DE ATENDIMENTO E SERVI\u00c7OS<\/p><p>Espa\u00e7o do Cidad\u00e3o est\u00e1 aberto de Ter\u00e7a a Sexta das 9h00 \u00e0s 12h30 e das 14h00 \u00e0s 17h30 e disp\u00f5e dos seguintes servi\u00e7os:<\/p><p><strong>ACT &#8211; AUTORIDADE PARA AS CONDI\u00c7\u00d5ES DE TRABALHO<\/strong><\/p><ul><li>REGISTO DE CONTRATO<\/li><li>RECE\u00c7\u00c3O DE QUEIXAS E DEN\u00daNCIAS<\/li><li>AQUISI\u00c7\u00c3O DE LIVROS E PUBLICA\u00c7\u00d5ES<\/li><\/ul>\t\t\t\t\t\t\t\t<\/div>\n\t\t\t\t<\/div>\n\t\t\t\t<\/div>\n\t\t<div class=\"elementor-element elementor-element-86af3e7 e-con-full e-flex e-con e-child\" data-id=\"86af3e7\" data-element_type=\"container\" data-e-type=\"container\">\n\t\t\t\t<div class=\"elementor-element elementor-element-fe55e24 elementor-widget elementor-widget-image\" data-id=\"fe55e24\" data-element_type=\"widget\" data-e-type=\"widget\" data-widget_type=\"image.default\">\n\t\t\t\t<div class=\"elementor-widget-container\">\n\t\t\t\t\t\t\t\t\t\t\t\t\t\t\t<img decoding=\"async\" src=\"https:\/\/jf-sequeira.pt\/wp-content\/uploads\/2024\/06\/espaco_cidadao-1.svg\" title=\"espaco_cidadao 1\" alt=\"espaco_cidadao 1\" loading=\"lazy\" \/>\t\t\t\t\t\t\t\t\t\t\t\t\t\t\t<\/div>\n\t\t\t\t<\/div>\n\t\t\t\t<\/div>\n\t\t\t\t\t<\/div>\n\t\t\t\t<\/div>\n\t\t<div class=\"elementor-element elementor-element-c4490ed e-flex e-con-boxed e-con e-parent\" data-id=\"c4490ed\" data-element_type=\"container\" data-e-type=\"container\">\n\t\t\t\t\t<div class=\"e-con-inner\">\n\t\t\t\t<div class=\"elementor-element elementor-element-29532e4 elementor-widget elementor-widget-text-editor\" data-id=\"29532e4\" data-element_type=\"widget\" data-e-type=\"widget\" data-widget_type=\"text-editor.default\">\n\t\t\t\t<div class=\"elementor-widget-container\">\n\t\t\t\t\t\t\t\t\t<p><strong>ADENE &#8211; AG\u00caNCIA PARA A ENERGIA<\/strong><\/p><ul><li>ESCLARECIMENTOS E APOIO NO PORTAL POUPA ENERGIA<\/li><li>APOIO NA SIMULA\u00c7\u00c3O E AN\u00c1LISE DE PROPOSTAS DE TARIF\u00c1RIOS<\/li><li>NOVO COMERCIALIZADOR \u2013 FICHA PR\u00c9-CONTRATUAL<\/li><\/ul><p><strong>ADSE &#8211; DIRE\u00c7\u00c3O-GERAL DE PROTE\u00c7\u00c3O SOCIAL AOS FUNCION\u00c1RIOS E AGENTES DA ADMINISTRA\u00c7\u00c3O P\u00daBLICA<\/strong><\/p><ul><li>ADSE DIRETA<\/li><li>DADOS PESSOAIS DO BENEFICI\u00c1RIO CART\u00c3O DIGITAL<\/li><li>ENVIO DE DOCUMENTOS PARA REEMBOLSO (REGIME LIVRE) CUIDADOS DE SA\u00daDE COM LIMITES NO REGIME LIVRE<\/li><li>DECLARA\u00c7\u00c3O PARA EFEITOS DE IRS<\/li><li>O MEU ACESSO AOS PRESTADORES<\/li><li>CONVENCIONADOS<\/li><li>OS MEUS DESCONTOS<\/li><\/ul><p><strong>AMA &#8211; AG\u00caNCIA PARA A MODERNIZA\u00c7\u00c3O ADMINISTRATIVA<\/strong><\/p><ul><li>PEDIDO DE ALTERA\u00c7\u00c3O DE MORADA<\/li><li>RENOVA\u00c7\u00c3O DO CART\u00c3O DE CIDAD\u00c3O &gt; 25 ANOS POR EXPIRA\u00c7\u00c3O DO PRAZO DE VALIDADE CANCELAMENTO DO CART\u00c3O DE CIDAD\u00c3O<\/li><li>CHAVE M\u00d3VEL DIGITAL<\/li><\/ul><p><strong>AT &#8211; AUTORIDADE TRIBUT\u00c1RIA E ADUANEIRA<\/strong><\/p><ul><li>OBTEN\u00c7\u00c3O DA CADERNETA PREDIAL<\/li><li>OBTEN\u00c7\u00c3O DE COMPROVATIVO DE ENTREGA E CERTID\u00c3O DE LIQUIDA\u00c7\u00c3O DE IRS OBTEN\u00c7\u00c3O DE CERTID\u00c3O DE D\u00cdVIDA E N\u00c3O D\u00cdVIDA<\/li><li>DOCUMENTO DE PAGAMENTO: IUC, IMI, D\u00cdVIDAS E COIMAS FISCAIS CONSULTA, RECOLHA E VALIDA\u00c7\u00c3O DE FATURAS NO E-FATURA QUITA\u00c7\u00c3O DE RENDAS<\/li><li>COMUNICA\u00c7\u00c3O ANUAL DE RENDAS RECEBIDAS<\/li><li>ENTREGA DE IRS (CATEGORIAS A E H)<\/li><\/ul><p><strong>CGA &#8211; CAIXA GERAL DE APOSENTA\u00c7\u00d5ES<\/strong><\/p><ul><li>REQUERIMENTO DE PENS\u00c3O DE SOBREVIV\u00caNCIA<\/li><li>REQUERIMENTO DE SUBS\u00cdDIO DE MORTE<\/li><li>REEMBOLSO E REQUERIMENTO DE<\/li><li>SUBS\u00cdDIO DE FUNERAL<\/li><li>SUBS\u00cdDIO POR ASSIST\u00caNCIA DE TERCEIRA PESSOA E SUBS\u00cdDIO MENSAL VITAL\u00cdCIO<\/li><li>ALTERA\u00c7\u00c3O DE DADOS PESSOAIS<\/li><\/ul><p><strong>DGAE &#8211; DIRE\u00c7\u00c3O-GERAL DAS ATIVIDADES ECON\u00d3MICAS<\/strong><\/p><ul><li>INSTALA\u00c7\u00c3O\/ACESSO \u00c0 ATIVIDADE DE FEIRANTE E\/OU VENDEDOR AMBULANTE<\/li><li>ALTERA\u00c7\u00c3O \u00c0 ATIVIDADE DE FEIRANTE E\/OU VENDEDOR AMBULANTE<\/li><li>CESSA\u00c7\u00c3O DA ATIVIDADE DE FEIRANTE E\/OU VENDEDOR AMBULANTE<\/li><\/ul><p><strong>DGAJ &#8211; DIRE\u00c7\u00c3O GERAL DA ADMINISTRA\u00c7\u00c3O DA JUSTI\u00c7A<\/strong><\/p><ul><li>CERTID\u00c3O DE REGISTO CRIMINAL<\/li><li>CIDAD\u00c3O NACIONAL <br \/>CERTID\u00c3O DE REGISTO CRIMINAL<\/li><li>CIDAD\u00c3O ESTRANGEIRO <br \/>REGISTO DE CONTUM\u00c1CIA<\/li><\/ul><p><strong>IEFP &#8211; INSTITUTO DO EMPREGO E FORMA\u00c7\u00c3O PROFISSIONAL<\/strong><\/p><ul><li>DOWNLOAD DE DOCUMENTOS E SUBMISS\u00c3O DE CANDIDATURAS<\/li><li>REGISTO E ALTERA\u00c7\u00c3O DE DADOS E OFERTA DE EMPREGO PARA ENTIDADES INSCRI\u00c7\u00c3O, GEST\u00c3O DE CONTA E REGISTO DE CV<\/li><li>APRESENTA\u00c7\u00c3O A OFERTAS CONSULTA E GEST\u00c3O DE PROCESSOS<\/li><\/ul><p><strong>IMT &#8211; INSTITUTO DA MOBILIDADE E DOS TRANSPORTES<\/strong><\/p><ul><li>REVALIDA\u00c7\u00c3O DE CARTA DE CONDU\u00c7\u00c3O<\/li><li>2\u00aa VIA DE CARTAS DE CONDU\u00c7\u00c3O<\/li><\/ul><p><strong>ISS &#8211; INSTITUTO DA SEGURAN\u00c7A SOCIAL<\/strong><\/p><ul><li>SEGURAN\u00c7A SOCIAL DIRETA<\/li><li>INFORMA\u00c7\u00c3O GEN\u00c9RICA<\/li><li>AGENDAMENTO DE ATENDIMENTO<\/li><\/ul><p><strong>SA\u00daDE &#8211; SERVI\u00c7OS PARTILHADOS DO MINIST\u00c9RIO DA SA\u00daDE<\/strong><\/p><ul><li>MARCA\u00c7\u00c3O E CANCELAMENTO CONSULTA<\/li><li>REGISTO DE AGREGADO FAMILIAR<\/li><li>PEDIDO, ALTERA\u00c7\u00c3O E CANCELAMENTO DE ISEN\u00c7\u00c3O DE TAXAS MODERADORAS<\/li><li>PESQUISA DE PRESTADORES PARTILHA DE INFORMA\u00c7\u00c3O COM O SNS SERVI\u00c7OS INFORMATIVOS<\/li><li>LISTA DE ESPERA PARA CIRURGIA<\/li><li>DADOS PESSOAIS \u2013 IDENTIFICA\u00c7\u00c3O E CONTACTOS DE EMERG\u00caNCIA<\/li><li>PLANOS DE CUIDADOS CALEND\u00c1RIOS SIGA E RSP<\/li><li>COMPROVATIVO DE PRESEN\u00c7A MOBILIDADE DE DOENTES<\/li><li>CONTACTO COM A UNIDADE DE SA\u00daDE<\/li><\/ul><p><strong>SEF &#8211; INSTITUTO DA MOBILIDADE E DOS TRANSPORTES<\/strong><\/p><ul><li>MARCA\u00c7\u00c3O DE RENOVA\u00c7\u00c3O DE AUTORIZA\u00c7\u00c3O DE RESID\u00caNCIA<\/li><li>MARCA\u00c7\u00c3O DE RENOVA\u00c7\u00c3O DO CART\u00c3O DE RESID\u00caNCIA (CIDAD\u00c3OS DA EU E FAMILIARES<\/li><li>MARCA\u00c7\u00c3O DE PRORROGA\u00c7\u00c3O DA PERMAN\u00caNCIA (CIDAD\u00c3OS TITULARES DE VISTO DE TR\u00c2NSITO, CURTA DURA\u00c7\u00c3O OU ESTADA TEMPOR\u00c1RIA)<\/li><li>PR\u00c9-AGENDAMENTO DE ATENDIMENTO DOS CIDAD\u00c3OS QUE PRETENDAM ENTRAR, PERMANECER OU SAIR DO TERRIT\u00d3RIO NACIONAL<\/li><\/ul>\t\t\t\t\t\t\t\t<\/div>\n\t\t\t\t<\/div>\n\t\t\t\t\t<\/div>\n\t\t\t\t<\/div>\n\t\t\t\t<\/div>\n\t\t","protected":false},"excerpt":{"rendered":"<p>Espa\u00e7o do Cidad\u00e3o HORARIO DE ATENDIMENTO E SERVI\u00c7OS Espa\u00e7o do Cidad\u00e3o est\u00e1 aberto de Ter\u00e7a a Sexta das 9h00 \u00e0s 12h30 e das 14h00 \u00e0s 17h30 e disp\u00f5e dos seguintes servi\u00e7os: ACT &#8211; AUTORIDADE PARA AS CONDI\u00c7\u00d5ES DE TRABALHO REGISTO DE CONTRATO RECE\u00c7\u00c3O DE QUEIXAS E DEN\u00daNCIAS AQUISI\u00c7\u00c3O DE LIVROS E PUBLICA\u00c7\u00d5ES ADENE &#8211; AG\u00caNCIA&hellip;&nbsp;<a href=\"https:\/\/jf-sequeira.pt\/index.php\/espaco-cidadao\/\" rel=\"bookmark\">Ler mais &raquo;<span class=\"screen-reader-text\">Espa\u00e7o do Cidad\u00e3o<\/span><\/a><\/p>\n","protected":false},"author":2,"featured_media":0,"parent":0,"menu_order":0,"comment_status":"closed","ping_status":"closed","template":"page-templates\/template-pagebuilder-full-width.php","meta":{"neve_meta_sidebar":"","neve_meta_container":"","neve_meta_enable_content_width":"","neve_meta_content_width":0,"neve_meta_title_alignment":"","neve_meta_author_avatar":"","neve_post_elements_order":"","neve_meta_disable_header":"","neve_meta_disable_footer":"","neve_meta_disable_title":"","footnotes":""},"class_list":["post-178","page","type-page","status-publish","hentry"],"yoast_head":"<!-- This site is optimized with the Yoast SEO plugin v26.9 - https:\/\/yoast.com\/product\/yoast-seo-wordpress\/ -->\n<title>Espa\u00e7o do Cidad\u00e3o - Junta de freguesia Sequeira<\/title>\n<meta name=\"robots\" content=\"index, follow, max-snippet:-1, max-image-preview:large, max-video-preview:-1\" \/>\n<link rel=\"canonical\" href=\"https:\/\/jf-sequeira.pt\/index.php\/espaco-cidadao\/\" \/>\n<meta property=\"og:locale\" content=\"pt_PT\" \/>\n<meta property=\"og:type\" content=\"article\" \/>\n<meta property=\"og:title\" content=\"Espa\u00e7o do Cidad\u00e3o - Junta de freguesia Sequeira\" \/>\n<meta property=\"og:description\" content=\"Espa\u00e7o do Cidad\u00e3o HORARIO DE ATENDIMENTO E SERVI\u00c7OS Espa\u00e7o do Cidad\u00e3o est\u00e1 aberto de Ter\u00e7a a Sexta das 9h00 \u00e0s 12h30 e das 14h00 \u00e0s 17h30 e disp\u00f5e dos seguintes servi\u00e7os: ACT &#8211; AUTORIDADE PARA AS CONDI\u00c7\u00d5ES DE TRABALHO REGISTO DE CONTRATO RECE\u00c7\u00c3O DE QUEIXAS E DEN\u00daNCIAS AQUISI\u00c7\u00c3O DE LIVROS E PUBLICA\u00c7\u00d5ES ADENE &#8211; AG\u00caNCIA&hellip;&nbsp;Ler mais &raquo;Espa\u00e7o do Cidad\u00e3o\" \/>\n<meta property=\"og:url\" content=\"https:\/\/jf-sequeira.pt\/index.php\/espaco-cidadao\/\" \/>\n<meta property=\"og:site_name\" content=\"Junta de freguesia Sequeira\" \/>\n<meta property=\"article:publisher\" content=\"https:\/\/www.facebook.com\/junta.freguesia.sequeira\" \/>\n<meta property=\"article:modified_time\" content=\"2024-07-10T17:38:32+00:00\" \/>\n<meta property=\"og:image\" content=\"https:\/\/jf-sequeira.pt\/wp-content\/uploads\/2024\/06\/espaco_cidadao-1.svg\" \/>\n<meta name=\"twitter:card\" content=\"summary_large_image\" \/>\n<meta name=\"twitter:label1\" content=\"Tempo estimado de leitura\" \/>\n\t<meta name=\"twitter:data1\" content=\"3 minutos\" \/>\n<script type=\"application\/ld+json\" class=\"yoast-schema-graph\">{\"@context\":\"https:\/\/schema.org\",\"@graph\":[{\"@type\":\"WebPage\",\"@id\":\"https:\/\/jf-sequeira.pt\/index.php\/espaco-cidadao\/\",\"url\":\"https:\/\/jf-sequeira.pt\/index.php\/espaco-cidadao\/\",\"name\":\"Espa\u00e7o do Cidad\u00e3o - Junta de freguesia Sequeira\",\"isPartOf\":{\"@id\":\"https:\/\/jf-sequeira.pt\/#website\"},\"primaryImageOfPage\":{\"@id\":\"https:\/\/jf-sequeira.pt\/index.php\/espaco-cidadao\/#primaryimage\"},\"image\":{\"@id\":\"https:\/\/jf-sequeira.pt\/index.php\/espaco-cidadao\/#primaryimage\"},\"thumbnailUrl\":\"https:\/\/jf-sequeira.pt\/wp-content\/uploads\/2024\/06\/espaco_cidadao-1.svg\",\"datePublished\":\"2024-06-22T10:41:11+00:00\",\"dateModified\":\"2024-07-10T17:38:32+00:00\",\"breadcrumb\":{\"@id\":\"https:\/\/jf-sequeira.pt\/index.php\/espaco-cidadao\/#breadcrumb\"},\"inLanguage\":\"pt-PT\",\"potentialAction\":[{\"@type\":\"ReadAction\",\"target\":[\"https:\/\/jf-sequeira.pt\/index.php\/espaco-cidadao\/\"]}]},{\"@type\":\"ImageObject\",\"inLanguage\":\"pt-PT\",\"@id\":\"https:\/\/jf-sequeira.pt\/index.php\/espaco-cidadao\/#primaryimage\",\"url\":\"https:\/\/jf-sequeira.pt\/wp-content\/uploads\/2024\/06\/espaco_cidadao-1.svg\",\"contentUrl\":\"https:\/\/jf-sequeira.pt\/wp-content\/uploads\/2024\/06\/espaco_cidadao-1.svg\",\"width\":482,\"height\":270},{\"@type\":\"BreadcrumbList\",\"@id\":\"https:\/\/jf-sequeira.pt\/index.php\/espaco-cidadao\/#breadcrumb\",\"itemListElement\":[{\"@type\":\"ListItem\",\"position\":1,\"name\":\"In\u00edcio\",\"item\":\"https:\/\/jf-sequeira.pt\/\"},{\"@type\":\"ListItem\",\"position\":2,\"name\":\"Espa\u00e7o do Cidad\u00e3o\"}]},{\"@type\":\"WebSite\",\"@id\":\"https:\/\/jf-sequeira.pt\/#website\",\"url\":\"https:\/\/jf-sequeira.pt\/\",\"name\":\"Junta de freguesia Sequeira\",\"description\":\"\",\"publisher\":{\"@id\":\"https:\/\/jf-sequeira.pt\/#organization\"},\"potentialAction\":[{\"@type\":\"SearchAction\",\"target\":{\"@type\":\"EntryPoint\",\"urlTemplate\":\"https:\/\/jf-sequeira.pt\/?s={search_term_string}\"},\"query-input\":{\"@type\":\"PropertyValueSpecification\",\"valueRequired\":true,\"valueName\":\"search_term_string\"}}],\"inLanguage\":\"pt-PT\"},{\"@type\":\"Organization\",\"@id\":\"https:\/\/jf-sequeira.pt\/#organization\",\"name\":\"Junta de freguesia Sequeira\",\"url\":\"https:\/\/jf-sequeira.pt\/\",\"logo\":{\"@type\":\"ImageObject\",\"inLanguage\":\"pt-PT\",\"@id\":\"https:\/\/jf-sequeira.pt\/#\/schema\/logo\/image\/\",\"url\":\"https:\/\/jf-sequeira.pt\/wp-content\/uploads\/2024\/06\/logo-junta.jpg\",\"contentUrl\":\"https:\/\/jf-sequeira.pt\/wp-content\/uploads\/2024\/06\/logo-junta.jpg\",\"width\":664,\"height\":762,\"caption\":\"Junta de freguesia Sequeira\"},\"image\":{\"@id\":\"https:\/\/jf-sequeira.pt\/#\/schema\/logo\/image\/\"},\"sameAs\":[\"https:\/\/www.facebook.com\/junta.freguesia.sequeira\"]}]}<\/script>\n<!-- \/ Yoast SEO plugin. -->","yoast_head_json":{"title":"Espa\u00e7o do Cidad\u00e3o - Junta de freguesia Sequeira","robots":{"index":"index","follow":"follow","max-snippet":"max-snippet:-1","max-image-preview":"max-image-preview:large","max-video-preview":"max-video-preview:-1"},"canonical":"https:\/\/jf-sequeira.pt\/index.php\/espaco-cidadao\/","og_locale":"pt_PT","og_type":"article","og_title":"Espa\u00e7o do Cidad\u00e3o - Junta de freguesia Sequeira","og_description":"Espa\u00e7o do Cidad\u00e3o HORARIO DE ATENDIMENTO E SERVI\u00c7OS Espa\u00e7o do Cidad\u00e3o est\u00e1 aberto de Ter\u00e7a a Sexta das 9h00 \u00e0s 12h30 e das 14h00 \u00e0s 17h30 e disp\u00f5e dos seguintes servi\u00e7os: ACT &#8211; AUTORIDADE PARA AS CONDI\u00c7\u00d5ES DE TRABALHO REGISTO DE CONTRATO RECE\u00c7\u00c3O DE QUEIXAS E DEN\u00daNCIAS AQUISI\u00c7\u00c3O DE LIVROS E PUBLICA\u00c7\u00d5ES ADENE &#8211; AG\u00caNCIA&hellip;&nbsp;Ler mais &raquo;Espa\u00e7o do Cidad\u00e3o","og_url":"https:\/\/jf-sequeira.pt\/index.php\/espaco-cidadao\/","og_site_name":"Junta de freguesia Sequeira","article_publisher":"https:\/\/www.facebook.com\/junta.freguesia.sequeira","article_modified_time":"2024-07-10T17:38:32+00:00","og_image":[{"url":"https:\/\/jf-sequeira.pt\/wp-content\/uploads\/2024\/06\/espaco_cidadao-1.svg","type":"","width":"","height":""}],"twitter_card":"summary_large_image","twitter_misc":{"Tempo estimado de leitura":"3 minutos"},"schema":{"@context":"https:\/\/schema.org","@graph":[{"@type":"WebPage","@id":"https:\/\/jf-sequeira.pt\/index.php\/espaco-cidadao\/","url":"https:\/\/jf-sequeira.pt\/index.php\/espaco-cidadao\/","name":"Espa\u00e7o do Cidad\u00e3o - Junta de freguesia Sequeira","isPartOf":{"@id":"https:\/\/jf-sequeira.pt\/#website"},"primaryImageOfPage":{"@id":"https:\/\/jf-sequeira.pt\/index.php\/espaco-cidadao\/#primaryimage"},"image":{"@id":"https:\/\/jf-sequeira.pt\/index.php\/espaco-cidadao\/#primaryimage"},"thumbnailUrl":"https:\/\/jf-sequeira.pt\/wp-content\/uploads\/2024\/06\/espaco_cidadao-1.svg","datePublished":"2024-06-22T10:41:11+00:00","dateModified":"2024-07-10T17:38:32+00:00","breadcrumb":{"@id":"https:\/\/jf-sequeira.pt\/index.php\/espaco-cidadao\/#breadcrumb"},"inLanguage":"pt-PT","potentialAction":[{"@type":"ReadAction","target":["https:\/\/jf-sequeira.pt\/index.php\/espaco-cidadao\/"]}]},{"@type":"ImageObject","inLanguage":"pt-PT","@id":"https:\/\/jf-sequeira.pt\/index.php\/espaco-cidadao\/#primaryimage","url":"https:\/\/jf-sequeira.pt\/wp-content\/uploads\/2024\/06\/espaco_cidadao-1.svg","contentUrl":"https:\/\/jf-sequeira.pt\/wp-content\/uploads\/2024\/06\/espaco_cidadao-1.svg","width":482,"height":270},{"@type":"BreadcrumbList","@id":"https:\/\/jf-sequeira.pt\/index.php\/espaco-cidadao\/#breadcrumb","itemListElement":[{"@type":"ListItem","position":1,"name":"In\u00edcio","item":"https:\/\/jf-sequeira.pt\/"},{"@type":"ListItem","position":2,"name":"Espa\u00e7o do Cidad\u00e3o"}]},{"@type":"WebSite","@id":"https:\/\/jf-sequeira.pt\/#website","url":"https:\/\/jf-sequeira.pt\/","name":"Junta de freguesia Sequeira","description":"","publisher":{"@id":"https:\/\/jf-sequeira.pt\/#organization"},"potentialAction":[{"@type":"SearchAction","target":{"@type":"EntryPoint","urlTemplate":"https:\/\/jf-sequeira.pt\/?s={search_term_string}"},"query-input":{"@type":"PropertyValueSpecification","valueRequired":true,"valueName":"search_term_string"}}],"inLanguage":"pt-PT"},{"@type":"Organization","@id":"https:\/\/jf-sequeira.pt\/#organization","name":"Junta de freguesia Sequeira","url":"https:\/\/jf-sequeira.pt\/","logo":{"@type":"ImageObject","inLanguage":"pt-PT","@id":"https:\/\/jf-sequeira.pt\/#\/schema\/logo\/image\/","url":"https:\/\/jf-sequeira.pt\/wp-content\/uploads\/2024\/06\/logo-junta.jpg","contentUrl":"https:\/\/jf-sequeira.pt\/wp-content\/uploads\/2024\/06\/logo-junta.jpg","width":664,"height":762,"caption":"Junta de freguesia Sequeira"},"image":{"@id":"https:\/\/jf-sequeira.pt\/#\/schema\/logo\/image\/"},"sameAs":["https:\/\/www.facebook.com\/junta.freguesia.sequeira"]}]}},"_links":{"self":[{"href":"https:\/\/jf-sequeira.pt\/index.php\/wp-json\/wp\/v2\/pages\/178","targetHints":{"allow":["GET"]}}],"collection":[{"href":"https:\/\/jf-sequeira.pt\/index.php\/wp-json\/wp\/v2\/pages"}],"about":[{"href":"https:\/\/jf-sequeira.pt\/index.php\/wp-json\/wp\/v2\/types\/page"}],"author":[{"embeddable":true,"href":"https:\/\/jf-sequeira.pt\/index.php\/wp-json\/wp\/v2\/users\/2"}],"replies":[{"embeddable":true,"href":"https:\/\/jf-sequeira.pt\/index.php\/wp-json\/wp\/v2\/comments?post=178"}],"version-history":[{"count":20,"href":"https:\/\/jf-sequeira.pt\/index.php\/wp-json\/wp\/v2\/pages\/178\/revisions"}],"predecessor-version":[{"id":572,"href":"https:\/\/jf-sequeira.pt\/index.php\/wp-json\/wp\/v2\/pages\/178\/revisions\/572"}],"wp:attachment":[{"href":"https:\/\/jf-sequeira.pt\/index.php\/wp-json\/wp\/v2\/media?parent=178"}],"curies":[{"name":"wp","href":"https:\/\/api.w.org\/{rel}","templated":true}]}}