{"id":173,"date":"2024-06-22T10:35:04","date_gmt":"2024-06-22T10:35:04","guid":{"rendered":"https:\/\/jf-sequeira.pt\/?page_id=173"},"modified":"2024-07-10T17:35:12","modified_gmt":"2024-07-10T17:35:12","slug":"regulamentos","status":"publish","type":"page","link":"https:\/\/jf-sequeira.pt\/index.php\/regulamentos\/","title":{"rendered":"Regulamentos"},"content":{"rendered":"\t\t<div data-elementor-type=\"wp-page\" data-elementor-id=\"173\" class=\"elementor elementor-173\" data-elementor-post-type=\"page\">\n\t\t\t\t<div class=\"elementor-element elementor-element-e438473 e-flex e-con-boxed e-con e-parent\" data-id=\"e438473\" data-element_type=\"container\" data-e-type=\"container\">\n\t\t\t\t\t<div class=\"e-con-inner\">\n\t\t\t\t<div class=\"elementor-element elementor-element-6f33f39 elementor-widget elementor-widget-heading\" data-id=\"6f33f39\" data-element_type=\"widget\" data-e-type=\"widget\" data-widget_type=\"heading.default\">\n\t\t\t\t<div class=\"elementor-widget-container\">\n\t\t\t\t\t<h2 class=\"elementor-heading-title elementor-size-default\">Regulamentos<\/h2>\t\t\t\t<\/div>\n\t\t\t\t<\/div>\n\t\t\t\t<div class=\"elementor-element elementor-element-870dd8c elementor-widget elementor-widget-accordion\" data-id=\"870dd8c\" data-element_type=\"widget\" data-e-type=\"widget\" data-widget_type=\"accordion.default\">\n\t\t\t\t<div class=\"elementor-widget-container\">\n\t\t\t\t\t\t\t<div class=\"elementor-accordion\">\n\t\t\t\t\t\t\t<div class=\"elementor-accordion-item\">\n\t\t\t\t\t<div id=\"elementor-tab-title-1411\" class=\"elementor-tab-title\" data-tab=\"1\" role=\"button\" aria-controls=\"elementor-tab-content-1411\" aria-expanded=\"false\">\n\t\t\t\t\t\t\t\t\t\t\t\t\t<span class=\"elementor-accordion-icon elementor-accordion-icon-right\" aria-hidden=\"true\">\n\t\t\t\t\t\t\t\t\t\t\t\t\t\t\t<span class=\"elementor-accordion-icon-closed\"><svg class=\"e-font-icon-svg e-fas-chevron-down\" viewBox=\"0 0 448 512\" xmlns=\"http:\/\/www.w3.org\/2000\/svg\"><path d=\"M207.029 381.476L12.686 187.132c-9.373-9.373-9.373-24.569 0-33.941l22.667-22.667c9.357-9.357 24.522-9.375 33.901-.04L224 284.505l154.745-154.021c9.379-9.335 24.544-9.317 33.901.04l22.667 22.667c9.373 9.373 9.373 24.569 0 33.941L240.971 381.476c-9.373 9.372-24.569 9.372-33.942 0z\"><\/path><\/svg><\/span>\n\t\t\t\t\t\t\t\t<span class=\"elementor-accordion-icon-opened\"><svg class=\"e-font-icon-svg e-fas-angle-up\" viewBox=\"0 0 320 512\" xmlns=\"http:\/\/www.w3.org\/2000\/svg\"><path d=\"M177 159.7l136 136c9.4 9.4 9.4 24.6 0 33.9l-22.6 22.6c-9.4 9.4-24.6 9.4-33.9 0L160 255.9l-96.4 96.4c-9.4 9.4-24.6 9.4-33.9 0L7 329.7c-9.4-9.4-9.4-24.6 0-33.9l136-136c9.4-9.5 24.6-9.5 34-.1z\"><\/path><\/svg><\/span>\n\t\t\t\t\t\t\t\t\t\t\t\t\t\t<\/span>\n\t\t\t\t\t\t\t\t\t\t\t\t<a class=\"elementor-accordion-title\" tabindex=\"0\">2024<\/a>\n\t\t\t\t\t<\/div>\n\t\t\t\t\t<div id=\"elementor-tab-content-1411\" class=\"elementor-tab-content elementor-clearfix\" data-tab=\"1\" role=\"region\" aria-labelledby=\"elementor-tab-title-1411\"><p><a href=\"https:\/\/jf-sequeira.pt\/wp-content\/uploads\/2024\/06\/REGULAMENTO-TAXAS-E-LICENCAS-2024.pdf\">Regulamento Taxas e Licen\u00e7as 2024<\/a><\/p><p><a href=\"https:\/\/jf-sequeira.pt\/wp-content\/uploads\/2024\/06\/Regulamento-do-Cemiterio-2023_compressed.pdf\">Regulamento do Cemit\u00e9rio e Capela Mortu\u00e1ria da Freguesia de Sequeira<\/a><\/p><p><a href=\"https:\/\/jf-sequeira.pt\/wp-content\/uploads\/2024\/06\/REGULAMENTO-CAF_AAAF-SEQUEIRA.pdf\">Regulamento CAF AAAF Sequeira<\/a><\/p><\/div>\n\t\t\t\t<\/div>\n\t\t\t\t\t\t\t\t<\/div>\n\t\t\t\t\t\t<\/div>\n\t\t\t\t<\/div>\n\t\t\t\t\t<\/div>\n\t\t\t\t<\/div>\n\t\t\t\t<\/div>\n\t\t","protected":false},"excerpt":{"rendered":"<p>Regulamentos 2024 Regulamento Taxas e Licen\u00e7as 2024 Regulamento do Cemit\u00e9rio e Capela Mortu\u00e1ria da Freguesia de Sequeira Regulamento CAF AAAF Sequeira<\/p>\n","protected":false},"author":2,"featured_media":0,"parent":0,"menu_order":0,"comment_status":"closed","ping_status":"closed","template":"page-templates\/template-pagebuilder-full-width.php","meta":{"neve_meta_sidebar":"","neve_meta_container":"","neve_meta_enable_content_width":"","neve_meta_content_width":0,"neve_meta_title_alignment":"","neve_meta_author_avatar":"","neve_post_elements_order":"","neve_meta_disable_header":"","neve_meta_disable_footer":"","neve_meta_disable_title":"","footnotes":""},"class_list":["post-173","page","type-page","status-publish","hentry"],"yoast_head":"<!-- This site is optimized with the Yoast SEO plugin v26.9 - https:\/\/yoast.com\/product\/yoast-seo-wordpress\/ -->\n<title>Regulamentos - Junta de freguesia Sequeira<\/title>\n<meta name=\"robots\" content=\"index, follow, max-snippet:-1, max-image-preview:large, max-video-preview:-1\" \/>\n<link rel=\"canonical\" href=\"https:\/\/jf-sequeira.pt\/index.php\/regulamentos\/\" \/>\n<meta property=\"og:locale\" content=\"pt_PT\" \/>\n<meta property=\"og:type\" content=\"article\" \/>\n<meta property=\"og:title\" content=\"Regulamentos - Junta de freguesia Sequeira\" \/>\n<meta property=\"og:description\" content=\"Regulamentos 2024 Regulamento Taxas e Licen\u00e7as 2024 Regulamento do Cemit\u00e9rio e Capela Mortu\u00e1ria da Freguesia de Sequeira Regulamento CAF AAAF Sequeira\" \/>\n<meta property=\"og:url\" content=\"https:\/\/jf-sequeira.pt\/index.php\/regulamentos\/\" \/>\n<meta property=\"og:site_name\" content=\"Junta de freguesia Sequeira\" \/>\n<meta property=\"article:publisher\" content=\"https:\/\/www.facebook.com\/junta.freguesia.sequeira\" \/>\n<meta property=\"article:modified_time\" content=\"2024-07-10T17:35:12+00:00\" \/>\n<meta name=\"twitter:card\" content=\"summary_large_image\" \/>\n<script type=\"application\/ld+json\" class=\"yoast-schema-graph\">{\"@context\":\"https:\/\/schema.org\",\"@graph\":[{\"@type\":\"WebPage\",\"@id\":\"https:\/\/jf-sequeira.pt\/index.php\/regulamentos\/\",\"url\":\"https:\/\/jf-sequeira.pt\/index.php\/regulamentos\/\",\"name\":\"Regulamentos - Junta de freguesia Sequeira\",\"isPartOf\":{\"@id\":\"https:\/\/jf-sequeira.pt\/#website\"},\"datePublished\":\"2024-06-22T10:35:04+00:00\",\"dateModified\":\"2024-07-10T17:35:12+00:00\",\"breadcrumb\":{\"@id\":\"https:\/\/jf-sequeira.pt\/index.php\/regulamentos\/#breadcrumb\"},\"inLanguage\":\"pt-PT\",\"potentialAction\":[{\"@type\":\"ReadAction\",\"target\":[\"https:\/\/jf-sequeira.pt\/index.php\/regulamentos\/\"]}]},{\"@type\":\"BreadcrumbList\",\"@id\":\"https:\/\/jf-sequeira.pt\/index.php\/regulamentos\/#breadcrumb\",\"itemListElement\":[{\"@type\":\"ListItem\",\"position\":1,\"name\":\"In\u00edcio\",\"item\":\"https:\/\/jf-sequeira.pt\/\"},{\"@type\":\"ListItem\",\"position\":2,\"name\":\"Regulamentos\"}]},{\"@type\":\"WebSite\",\"@id\":\"https:\/\/jf-sequeira.pt\/#website\",\"url\":\"https:\/\/jf-sequeira.pt\/\",\"name\":\"Junta de freguesia Sequeira\",\"description\":\"\",\"publisher\":{\"@id\":\"https:\/\/jf-sequeira.pt\/#organization\"},\"potentialAction\":[{\"@type\":\"SearchAction\",\"target\":{\"@type\":\"EntryPoint\",\"urlTemplate\":\"https:\/\/jf-sequeira.pt\/?s={search_term_string}\"},\"query-input\":{\"@type\":\"PropertyValueSpecification\",\"valueRequired\":true,\"valueName\":\"search_term_string\"}}],\"inLanguage\":\"pt-PT\"},{\"@type\":\"Organization\",\"@id\":\"https:\/\/jf-sequeira.pt\/#organization\",\"name\":\"Junta de freguesia Sequeira\",\"url\":\"https:\/\/jf-sequeira.pt\/\",\"logo\":{\"@type\":\"ImageObject\",\"inLanguage\":\"pt-PT\",\"@id\":\"https:\/\/jf-sequeira.pt\/#\/schema\/logo\/image\/\",\"url\":\"https:\/\/jf-sequeira.pt\/wp-content\/uploads\/2024\/06\/logo-junta.jpg\",\"contentUrl\":\"https:\/\/jf-sequeira.pt\/wp-content\/uploads\/2024\/06\/logo-junta.jpg\",\"width\":664,\"height\":762,\"caption\":\"Junta de freguesia Sequeira\"},\"image\":{\"@id\":\"https:\/\/jf-sequeira.pt\/#\/schema\/logo\/image\/\"},\"sameAs\":[\"https:\/\/www.facebook.com\/junta.freguesia.sequeira\"]}]}<\/script>\n<!-- \/ Yoast SEO plugin. -->","yoast_head_json":{"title":"Regulamentos - Junta de freguesia Sequeira","robots":{"index":"index","follow":"follow","max-snippet":"max-snippet:-1","max-image-preview":"max-image-preview:large","max-video-preview":"max-video-preview:-1"},"canonical":"https:\/\/jf-sequeira.pt\/index.php\/regulamentos\/","og_locale":"pt_PT","og_type":"article","og_title":"Regulamentos - Junta de freguesia Sequeira","og_description":"Regulamentos 2024 Regulamento Taxas e Licen\u00e7as 2024 Regulamento do Cemit\u00e9rio e Capela Mortu\u00e1ria da Freguesia de Sequeira Regulamento CAF AAAF Sequeira","og_url":"https:\/\/jf-sequeira.pt\/index.php\/regulamentos\/","og_site_name":"Junta de freguesia Sequeira","article_publisher":"https:\/\/www.facebook.com\/junta.freguesia.sequeira","article_modified_time":"2024-07-10T17:35:12+00:00","twitter_card":"summary_large_image","schema":{"@context":"https:\/\/schema.org","@graph":[{"@type":"WebPage","@id":"https:\/\/jf-sequeira.pt\/index.php\/regulamentos\/","url":"https:\/\/jf-sequeira.pt\/index.php\/regulamentos\/","name":"Regulamentos - Junta de freguesia Sequeira","isPartOf":{"@id":"https:\/\/jf-sequeira.pt\/#website"},"datePublished":"2024-06-22T10:35:04+00:00","dateModified":"2024-07-10T17:35:12+00:00","breadcrumb":{"@id":"https:\/\/jf-sequeira.pt\/index.php\/regulamentos\/#breadcrumb"},"inLanguage":"pt-PT","potentialAction":[{"@type":"ReadAction","target":["https:\/\/jf-sequeira.pt\/index.php\/regulamentos\/"]}]},{"@type":"BreadcrumbList","@id":"https:\/\/jf-sequeira.pt\/index.php\/regulamentos\/#breadcrumb","itemListElement":[{"@type":"ListItem","position":1,"name":"In\u00edcio","item":"https:\/\/jf-sequeira.pt\/"},{"@type":"ListItem","position":2,"name":"Regulamentos"}]},{"@type":"WebSite","@id":"https:\/\/jf-sequeira.pt\/#website","url":"https:\/\/jf-sequeira.pt\/","name":"Junta de freguesia Sequeira","description":"","publisher":{"@id":"https:\/\/jf-sequeira.pt\/#organization"},"potentialAction":[{"@type":"SearchAction","target":{"@type":"EntryPoint","urlTemplate":"https:\/\/jf-sequeira.pt\/?s={search_term_string}"},"query-input":{"@type":"PropertyValueSpecification","valueRequired":true,"valueName":"search_term_string"}}],"inLanguage":"pt-PT"},{"@type":"Organization","@id":"https:\/\/jf-sequeira.pt\/#organization","name":"Junta de freguesia Sequeira","url":"https:\/\/jf-sequeira.pt\/","logo":{"@type":"ImageObject","inLanguage":"pt-PT","@id":"https:\/\/jf-sequeira.pt\/#\/schema\/logo\/image\/","url":"https:\/\/jf-sequeira.pt\/wp-content\/uploads\/2024\/06\/logo-junta.jpg","contentUrl":"https:\/\/jf-sequeira.pt\/wp-content\/uploads\/2024\/06\/logo-junta.jpg","width":664,"height":762,"caption":"Junta de freguesia Sequeira"},"image":{"@id":"https:\/\/jf-sequeira.pt\/#\/schema\/logo\/image\/"},"sameAs":["https:\/\/www.facebook.com\/junta.freguesia.sequeira"]}]}},"_links":{"self":[{"href":"https:\/\/jf-sequeira.pt\/index.php\/wp-json\/wp\/v2\/pages\/173","targetHints":{"allow":["GET"]}}],"collection":[{"href":"https:\/\/jf-sequeira.pt\/index.php\/wp-json\/wp\/v2\/pages"}],"about":[{"href":"https:\/\/jf-sequeira.pt\/index.php\/wp-json\/wp\/v2\/types\/page"}],"author":[{"embeddable":true,"href":"https:\/\/jf-sequeira.pt\/index.php\/wp-json\/wp\/v2\/users\/2"}],"replies":[{"embeddable":true,"href":"https:\/\/jf-sequeira.pt\/index.php\/wp-json\/wp\/v2\/comments?post=173"}],"version-history":[{"count":19,"href":"https:\/\/jf-sequeira.pt\/index.php\/wp-json\/wp\/v2\/pages\/173\/revisions"}],"predecessor-version":[{"id":562,"href":"https:\/\/jf-sequeira.pt\/index.php\/wp-json\/wp\/v2\/pages\/173\/revisions\/562"}],"wp:attachment":[{"href":"https:\/\/jf-sequeira.pt\/index.php\/wp-json\/wp\/v2\/media?parent=173"}],"curies":[{"name":"wp","href":"https:\/\/api.w.org\/{rel}","templated":true}]}}