{"id":156,"date":"2024-06-22T09:52:11","date_gmt":"2024-06-22T09:52:11","guid":{"rendered":"https:\/\/jf-sequeira.pt\/?page_id=156"},"modified":"2025-09-19T10:40:58","modified_gmt":"2025-09-19T10:40:58","slug":"documentos-da-assembleia","status":"publish","type":"page","link":"https:\/\/jf-sequeira.pt\/index.php\/documentos-da-assembleia\/","title":{"rendered":"Documentos da assembleia"},"content":{"rendered":"\t\t<div data-elementor-type=\"wp-page\" data-elementor-id=\"156\" class=\"elementor elementor-156\" data-elementor-post-type=\"page\">\n\t\t\t\t<div class=\"elementor-element elementor-element-c808d06 e-flex e-con-boxed e-con e-parent\" data-id=\"c808d06\" data-element_type=\"container\" data-e-type=\"container\">\n\t\t\t\t\t<div class=\"e-con-inner\">\n\t\t\t\t<div class=\"elementor-element elementor-element-17cc645 elementor-widget elementor-widget-heading\" data-id=\"17cc645\" data-element_type=\"widget\" data-e-type=\"widget\" data-widget_type=\"heading.default\">\n\t\t\t\t<div class=\"elementor-widget-container\">\n\t\t\t\t\t<h2 class=\"elementor-heading-title elementor-size-default\">Documentos da assembleia<\/h2>\t\t\t\t<\/div>\n\t\t\t\t<\/div>\n\t\t\t\t<div class=\"elementor-element elementor-element-96f2329 elementor-widget elementor-widget-heading\" data-id=\"96f2329\" data-element_type=\"widget\" data-e-type=\"widget\" data-widget_type=\"heading.default\">\n\t\t\t\t<div class=\"elementor-widget-container\">\n\t\t\t\t\t<h2 class=\"elementor-heading-title elementor-size-default\">Avisos<\/h2>\t\t\t\t<\/div>\n\t\t\t\t<\/div>\n\t\t\t\t<div class=\"elementor-element elementor-element-76e7e1e elementor-widget elementor-widget-accordion\" data-id=\"76e7e1e\" data-element_type=\"widget\" data-e-type=\"widget\" data-widget_type=\"accordion.default\">\n\t\t\t\t<div class=\"elementor-widget-container\">\n\t\t\t\t\t\t\t<div class=\"elementor-accordion\">\n\t\t\t\t\t\t\t<div class=\"elementor-accordion-item\">\n\t\t\t\t\t<div id=\"elementor-tab-title-1241\" class=\"elementor-tab-title\" data-tab=\"1\" role=\"button\" aria-controls=\"elementor-tab-content-1241\" aria-expanded=\"false\">\n\t\t\t\t\t\t\t\t\t\t\t\t\t<span class=\"elementor-accordion-icon elementor-accordion-icon-right\" aria-hidden=\"true\">\n\t\t\t\t\t\t\t\t\t\t\t\t\t\t\t<span class=\"elementor-accordion-icon-closed\"><svg class=\"e-font-icon-svg e-fas-chevron-down\" viewBox=\"0 0 448 512\" xmlns=\"http:\/\/www.w3.org\/2000\/svg\"><path d=\"M207.029 381.476L12.686 187.132c-9.373-9.373-9.373-24.569 0-33.941l22.667-22.667c9.357-9.357 24.522-9.375 33.901-.04L224 284.505l154.745-154.021c9.379-9.335 24.544-9.317 33.901.04l22.667 22.667c9.373 9.373 9.373 24.569 0 33.941L240.971 381.476c-9.373 9.372-24.569 9.372-33.942 0z\"><\/path><\/svg><\/span>\n\t\t\t\t\t\t\t\t<span class=\"elementor-accordion-icon-opened\"><svg class=\"e-font-icon-svg e-fas-angle-up\" viewBox=\"0 0 320 512\" xmlns=\"http:\/\/www.w3.org\/2000\/svg\"><path d=\"M177 159.7l136 136c9.4 9.4 9.4 24.6 0 33.9l-22.6 22.6c-9.4 9.4-24.6 9.4-33.9 0L160 255.9l-96.4 96.4c-9.4 9.4-24.6 9.4-33.9 0L7 329.7c-9.4-9.4-9.4-24.6 0-33.9l136-136c9.4-9.5 24.6-9.5 34-.1z\"><\/path><\/svg><\/span>\n\t\t\t\t\t\t\t\t\t\t\t\t\t\t<\/span>\n\t\t\t\t\t\t\t\t\t\t\t\t<a class=\"elementor-accordion-title\" tabindex=\"0\">2024<\/a>\n\t\t\t\t\t<\/div>\n\t\t\t\t\t<div id=\"elementor-tab-content-1241\" class=\"elementor-tab-content elementor-clearfix\" data-tab=\"1\" role=\"region\" aria-labelledby=\"elementor-tab-title-1241\"><p>De momento sem avisos.<\/p><\/div>\n\t\t\t\t<\/div>\n\t\t\t\t\t\t\t\t<\/div>\n\t\t\t\t\t\t<\/div>\n\t\t\t\t<\/div>\n\t\t\t\t<div class=\"elementor-element elementor-element-71341b2 elementor-widget elementor-widget-heading\" data-id=\"71341b2\" data-element_type=\"widget\" data-e-type=\"widget\" data-widget_type=\"heading.default\">\n\t\t\t\t<div class=\"elementor-widget-container\">\n\t\t\t\t\t<h2 class=\"elementor-heading-title elementor-size-default\">Documentos<\/h2>\t\t\t\t<\/div>\n\t\t\t\t<\/div>\n\t\t\t\t<div class=\"elementor-element elementor-element-cbcabb9 elementor-widget elementor-widget-accordion\" data-id=\"cbcabb9\" data-element_type=\"widget\" data-e-type=\"widget\" data-widget_type=\"accordion.default\">\n\t\t\t\t<div class=\"elementor-widget-container\">\n\t\t\t\t\t\t\t<div class=\"elementor-accordion\">\n\t\t\t\t\t\t\t<div class=\"elementor-accordion-item\">\n\t\t\t\t\t<div id=\"elementor-tab-title-2131\" class=\"elementor-tab-title\" data-tab=\"1\" role=\"button\" aria-controls=\"elementor-tab-content-2131\" aria-expanded=\"false\">\n\t\t\t\t\t\t\t\t\t\t\t\t\t<span class=\"elementor-accordion-icon elementor-accordion-icon-right\" aria-hidden=\"true\">\n\t\t\t\t\t\t\t\t\t\t\t\t\t\t\t<span class=\"elementor-accordion-icon-closed\"><svg class=\"e-font-icon-svg e-fas-chevron-down\" viewBox=\"0 0 448 512\" xmlns=\"http:\/\/www.w3.org\/2000\/svg\"><path d=\"M207.029 381.476L12.686 187.132c-9.373-9.373-9.373-24.569 0-33.941l22.667-22.667c9.357-9.357 24.522-9.375 33.901-.04L224 284.505l154.745-154.021c9.379-9.335 24.544-9.317 33.901.04l22.667 22.667c9.373 9.373 9.373 24.569 0 33.941L240.971 381.476c-9.373 9.372-24.569 9.372-33.942 0z\"><\/path><\/svg><\/span>\n\t\t\t\t\t\t\t\t<span class=\"elementor-accordion-icon-opened\"><svg class=\"e-font-icon-svg e-fas-angle-up\" viewBox=\"0 0 320 512\" xmlns=\"http:\/\/www.w3.org\/2000\/svg\"><path d=\"M177 159.7l136 136c9.4 9.4 9.4 24.6 0 33.9l-22.6 22.6c-9.4 9.4-24.6 9.4-33.9 0L160 255.9l-96.4 96.4c-9.4 9.4-24.6 9.4-33.9 0L7 329.7c-9.4-9.4-9.4-24.6 0-33.9l136-136c9.4-9.5 24.6-9.5 34-.1z\"><\/path><\/svg><\/span>\n\t\t\t\t\t\t\t\t\t\t\t\t\t\t<\/span>\n\t\t\t\t\t\t\t\t\t\t\t\t<a class=\"elementor-accordion-title\" tabindex=\"0\">Presta\u00e7\u00f5es de contas 2025<\/a>\n\t\t\t\t\t<\/div>\n\t\t\t\t\t<div id=\"elementor-tab-content-2131\" class=\"elementor-tab-content elementor-clearfix\" data-tab=\"1\" role=\"region\" aria-labelledby=\"elementor-tab-title-2131\"><p>De momento sem presta\u00e7\u00f5es de contas.<\/p><\/div>\n\t\t\t\t<\/div>\n\t\t\t\t\t\t\t\t<\/div>\n\t\t\t\t\t\t<\/div>\n\t\t\t\t<\/div>\n\t\t\t\t<div class=\"elementor-element elementor-element-14cb8cd elementor-widget elementor-widget-accordion\" data-id=\"14cb8cd\" data-element_type=\"widget\" data-e-type=\"widget\" data-widget_type=\"accordion.default\">\n\t\t\t\t<div class=\"elementor-widget-container\">\n\t\t\t\t\t\t\t<div class=\"elementor-accordion\">\n\t\t\t\t\t\t\t<div class=\"elementor-accordion-item\">\n\t\t\t\t\t<div id=\"elementor-tab-title-2181\" class=\"elementor-tab-title\" data-tab=\"1\" role=\"button\" aria-controls=\"elementor-tab-content-2181\" aria-expanded=\"false\">\n\t\t\t\t\t\t\t\t\t\t\t\t\t<span class=\"elementor-accordion-icon elementor-accordion-icon-right\" aria-hidden=\"true\">\n\t\t\t\t\t\t\t\t\t\t\t\t\t\t\t<span class=\"elementor-accordion-icon-closed\"><svg class=\"e-font-icon-svg e-fas-chevron-down\" viewBox=\"0 0 448 512\" xmlns=\"http:\/\/www.w3.org\/2000\/svg\"><path d=\"M207.029 381.476L12.686 187.132c-9.373-9.373-9.373-24.569 0-33.941l22.667-22.667c9.357-9.357 24.522-9.375 33.901-.04L224 284.505l154.745-154.021c9.379-9.335 24.544-9.317 33.901.04l22.667 22.667c9.373 9.373 9.373 24.569 0 33.941L240.971 381.476c-9.373 9.372-24.569 9.372-33.942 0z\"><\/path><\/svg><\/span>\n\t\t\t\t\t\t\t\t<span class=\"elementor-accordion-icon-opened\"><svg class=\"e-font-icon-svg e-fas-angle-up\" viewBox=\"0 0 320 512\" xmlns=\"http:\/\/www.w3.org\/2000\/svg\"><path d=\"M177 159.7l136 136c9.4 9.4 9.4 24.6 0 33.9l-22.6 22.6c-9.4 9.4-24.6 9.4-33.9 0L160 255.9l-96.4 96.4c-9.4 9.4-24.6 9.4-33.9 0L7 329.7c-9.4-9.4-9.4-24.6 0-33.9l136-136c9.4-9.5 24.6-9.5 34-.1z\"><\/path><\/svg><\/span>\n\t\t\t\t\t\t\t\t\t\t\t\t\t\t<\/span>\n\t\t\t\t\t\t\t\t\t\t\t\t<a class=\"elementor-accordion-title\" tabindex=\"0\">Presta\u00e7\u00f5es de contas 2024<\/a>\n\t\t\t\t\t<\/div>\n\t\t\t\t\t<div id=\"elementor-tab-content-2181\" class=\"elementor-tab-content elementor-clearfix\" data-tab=\"1\" role=\"region\" aria-labelledby=\"elementor-tab-title-2181\"><p><a href=\"https:\/\/jf-sequeira.pt\/wp-content\/uploads\/2025\/09\/1-Demonstracao-do-desempenho-Orcamental_2024.pdf\">1 &#8211; Demonstra\u00e7\u00e3o do desempenho Or\u00e7amental_2024<\/a><\/p><p><a href=\"https:\/\/jf-sequeira.pt\/wp-content\/uploads\/2025\/09\/2-Demonstracao-da-Execucao-Orcamental-da-Despesa_2024.pdf\">2 &#8211; Demonstra\u00e7\u00e3o da Execu\u00e7\u00e3o Or\u00e7amental da Despesa_2024<\/a><\/p><p><a href=\"https:\/\/jf-sequeira.pt\/wp-content\/uploads\/2025\/09\/3-Demonstracao-da-Execucao-Orcamental-da-Receita.pdf\">3 &#8211; Demonstra\u00e7\u00e3o da Execu\u00e7\u00e3o Or\u00e7amental da Receita<\/a><\/p><p><a href=\"https:\/\/jf-sequeira.pt\/wp-content\/uploads\/2025\/09\/4-Demonstracao-da-Execucao-de-PPI_2024.pdf\">4 &#8211; Demonstra\u00e7\u00e3o da Execu\u00e7\u00e3o de PPI_2024<\/a><\/p><p><a href=\"https:\/\/jf-sequeira.pt\/wp-content\/uploads\/2025\/09\/5-Alteracoes-Orcamentais-da-Receita_2024.pdf\">5 &#8211; Altera\u00e7\u00f5es Or\u00e7amentais da Receita_2024<\/a><\/p><p><a href=\"https:\/\/jf-sequeira.pt\/wp-content\/uploads\/2025\/09\/6-Alteracoes-Orcamentais-da-Despesa_2024.pdf\">6 &#8211; Altera\u00e7\u00f5es Or\u00e7amentais da Despesa_2024<\/a><\/p><p><a href=\"https:\/\/jf-sequeira.pt\/wp-content\/uploads\/2025\/09\/7-Alteracoes-ao-PPI_2024.pdf\">7 &#8211; Altera\u00e7\u00f5es ao PPI_2024<\/a><\/p><p><a href=\"https:\/\/jf-sequeira.pt\/wp-content\/uploads\/2025\/09\/8-Operacoes-de-Tesouraria_2024.pdf\">8 &#8211; Opera\u00e7\u00f5es de Tesouraria_2024<\/a><\/p><p><a href=\"https:\/\/jf-sequeira.pt\/wp-content\/uploads\/2025\/09\/9.1-Transferencias-e-subsidios-recebidos.pdf\">9.1 &#8211; Transferencias e subsidios recebidos<\/a><\/p><p><a href=\"https:\/\/jf-sequeira.pt\/wp-content\/uploads\/2025\/09\/9.2-Transferencias-e-subsidios-concedidos.pdf\">9.2 &#8211; Transferencias e subsidios concedidos<\/a><\/p><p><a href=\"https:\/\/jf-sequeira.pt\/wp-content\/uploads\/2025\/09\/Relatorio-e-Contas-Sequeira_2024.pdf\">Relat\u00f3rio e Contas &#8211; Sequeira_2024<\/a><\/p><\/div>\n\t\t\t\t<\/div>\n\t\t\t\t\t\t\t\t<\/div>\n\t\t\t\t\t\t<\/div>\n\t\t\t\t<\/div>\n\t\t\t\t<div class=\"elementor-element elementor-element-344c7da elementor-widget elementor-widget-accordion\" data-id=\"344c7da\" data-element_type=\"widget\" data-e-type=\"widget\" data-widget_type=\"accordion.default\">\n\t\t\t\t<div class=\"elementor-widget-container\">\n\t\t\t\t\t\t\t<div class=\"elementor-accordion\">\n\t\t\t\t\t\t\t<div class=\"elementor-accordion-item\">\n\t\t\t\t\t<div id=\"elementor-tab-title-5481\" class=\"elementor-tab-title\" data-tab=\"1\" role=\"button\" aria-controls=\"elementor-tab-content-5481\" aria-expanded=\"false\">\n\t\t\t\t\t\t\t\t\t\t\t\t\t<span class=\"elementor-accordion-icon elementor-accordion-icon-right\" aria-hidden=\"true\">\n\t\t\t\t\t\t\t\t\t\t\t\t\t\t\t<span class=\"elementor-accordion-icon-closed\"><svg class=\"e-font-icon-svg e-fas-chevron-down\" viewBox=\"0 0 448 512\" xmlns=\"http:\/\/www.w3.org\/2000\/svg\"><path d=\"M207.029 381.476L12.686 187.132c-9.373-9.373-9.373-24.569 0-33.941l22.667-22.667c9.357-9.357 24.522-9.375 33.901-.04L224 284.505l154.745-154.021c9.379-9.335 24.544-9.317 33.901.04l22.667 22.667c9.373 9.373 9.373 24.569 0 33.941L240.971 381.476c-9.373 9.372-24.569 9.372-33.942 0z\"><\/path><\/svg><\/span>\n\t\t\t\t\t\t\t\t<span class=\"elementor-accordion-icon-opened\"><svg class=\"e-font-icon-svg e-fas-angle-up\" viewBox=\"0 0 320 512\" xmlns=\"http:\/\/www.w3.org\/2000\/svg\"><path d=\"M177 159.7l136 136c9.4 9.4 9.4 24.6 0 33.9l-22.6 22.6c-9.4 9.4-24.6 9.4-33.9 0L160 255.9l-96.4 96.4c-9.4 9.4-24.6 9.4-33.9 0L7 329.7c-9.4-9.4-9.4-24.6 0-33.9l136-136c9.4-9.5 24.6-9.5 34-.1z\"><\/path><\/svg><\/span>\n\t\t\t\t\t\t\t\t\t\t\t\t\t\t<\/span>\n\t\t\t\t\t\t\t\t\t\t\t\t<a class=\"elementor-accordion-title\" tabindex=\"0\">Atas<\/a>\n\t\t\t\t\t<\/div>\n\t\t\t\t\t<div id=\"elementor-tab-content-5481\" class=\"elementor-tab-content elementor-clearfix\" data-tab=\"1\" role=\"region\" aria-labelledby=\"elementor-tab-title-5481\"><p>De momento sem atas.<\/p><\/div>\n\t\t\t\t<\/div>\n\t\t\t\t\t\t\t\t<\/div>\n\t\t\t\t\t\t<\/div>\n\t\t\t\t<\/div>\n\t\t\t\t\t<\/div>\n\t\t\t\t<\/div>\n\t\t\t\t<\/div>\n\t\t","protected":false},"excerpt":{"rendered":"<p>Documentos da assembleia Avisos 2024 De momento sem avisos. Documentos Presta\u00e7\u00f5es de contas 2025 De momento sem presta\u00e7\u00f5es de contas. Presta\u00e7\u00f5es de contas 2024 1 &#8211; Demonstra\u00e7\u00e3o do desempenho Or\u00e7amental_2024 2 &#8211; Demonstra\u00e7\u00e3o da Execu\u00e7\u00e3o Or\u00e7amental da Despesa_2024 3 &#8211; Demonstra\u00e7\u00e3o da Execu\u00e7\u00e3o Or\u00e7amental da Receita 4 &#8211; Demonstra\u00e7\u00e3o da Execu\u00e7\u00e3o de PPI_2024 5 &#8211;&hellip;&nbsp;<a href=\"https:\/\/jf-sequeira.pt\/index.php\/documentos-da-assembleia\/\" rel=\"bookmark\">Ler mais &raquo;<span class=\"screen-reader-text\">Documentos da assembleia<\/span><\/a><\/p>\n","protected":false},"author":2,"featured_media":0,"parent":0,"menu_order":0,"comment_status":"closed","ping_status":"closed","template":"page-templates\/template-pagebuilder-full-width.php","meta":{"neve_meta_sidebar":"","neve_meta_container":"","neve_meta_enable_content_width":"","neve_meta_content_width":0,"neve_meta_title_alignment":"","neve_meta_author_avatar":"","neve_post_elements_order":"","neve_meta_disable_header":"","neve_meta_disable_footer":"","neve_meta_disable_title":"","footnotes":""},"class_list":["post-156","page","type-page","status-publish","hentry"],"yoast_head":"<!-- This site is optimized with the Yoast SEO plugin v26.9 - https:\/\/yoast.com\/product\/yoast-seo-wordpress\/ -->\n<title>Documentos da assembleia - Junta de freguesia Sequeira<\/title>\n<meta name=\"robots\" content=\"index, follow, max-snippet:-1, max-image-preview:large, max-video-preview:-1\" \/>\n<link rel=\"canonical\" href=\"https:\/\/jf-sequeira.pt\/index.php\/documentos-da-assembleia\/\" \/>\n<meta property=\"og:locale\" content=\"pt_PT\" \/>\n<meta property=\"og:type\" content=\"article\" \/>\n<meta property=\"og:title\" content=\"Documentos da assembleia - Junta de freguesia Sequeira\" \/>\n<meta property=\"og:description\" content=\"Documentos da assembleia Avisos 2024 De momento sem avisos. Documentos Presta\u00e7\u00f5es de contas 2025 De momento sem presta\u00e7\u00f5es de contas. Presta\u00e7\u00f5es de contas 2024 1 &#8211; Demonstra\u00e7\u00e3o do desempenho Or\u00e7amental_2024 2 &#8211; Demonstra\u00e7\u00e3o da Execu\u00e7\u00e3o Or\u00e7amental da Despesa_2024 3 &#8211; Demonstra\u00e7\u00e3o da Execu\u00e7\u00e3o Or\u00e7amental da Receita 4 &#8211; Demonstra\u00e7\u00e3o da Execu\u00e7\u00e3o de PPI_2024 5 &#8211;&hellip;&nbsp;Ler mais &raquo;Documentos da assembleia\" \/>\n<meta property=\"og:url\" content=\"https:\/\/jf-sequeira.pt\/index.php\/documentos-da-assembleia\/\" \/>\n<meta property=\"og:site_name\" content=\"Junta de freguesia Sequeira\" \/>\n<meta property=\"article:publisher\" content=\"https:\/\/www.facebook.com\/junta.freguesia.sequeira\" \/>\n<meta property=\"article:modified_time\" content=\"2025-09-19T10:40:58+00:00\" \/>\n<meta name=\"twitter:card\" content=\"summary_large_image\" \/>\n<meta name=\"twitter:label1\" content=\"Tempo estimado de leitura\" \/>\n\t<meta name=\"twitter:data1\" content=\"1 minuto\" \/>\n<script type=\"application\/ld+json\" class=\"yoast-schema-graph\">{\"@context\":\"https:\/\/schema.org\",\"@graph\":[{\"@type\":\"WebPage\",\"@id\":\"https:\/\/jf-sequeira.pt\/index.php\/documentos-da-assembleia\/\",\"url\":\"https:\/\/jf-sequeira.pt\/index.php\/documentos-da-assembleia\/\",\"name\":\"Documentos da assembleia - Junta de freguesia Sequeira\",\"isPartOf\":{\"@id\":\"https:\/\/jf-sequeira.pt\/#website\"},\"datePublished\":\"2024-06-22T09:52:11+00:00\",\"dateModified\":\"2025-09-19T10:40:58+00:00\",\"breadcrumb\":{\"@id\":\"https:\/\/jf-sequeira.pt\/index.php\/documentos-da-assembleia\/#breadcrumb\"},\"inLanguage\":\"pt-PT\",\"potentialAction\":[{\"@type\":\"ReadAction\",\"target\":[\"https:\/\/jf-sequeira.pt\/index.php\/documentos-da-assembleia\/\"]}]},{\"@type\":\"BreadcrumbList\",\"@id\":\"https:\/\/jf-sequeira.pt\/index.php\/documentos-da-assembleia\/#breadcrumb\",\"itemListElement\":[{\"@type\":\"ListItem\",\"position\":1,\"name\":\"In\u00edcio\",\"item\":\"https:\/\/jf-sequeira.pt\/\"},{\"@type\":\"ListItem\",\"position\":2,\"name\":\"Documentos da assembleia\"}]},{\"@type\":\"WebSite\",\"@id\":\"https:\/\/jf-sequeira.pt\/#website\",\"url\":\"https:\/\/jf-sequeira.pt\/\",\"name\":\"Junta de freguesia Sequeira\",\"description\":\"\",\"publisher\":{\"@id\":\"https:\/\/jf-sequeira.pt\/#organization\"},\"potentialAction\":[{\"@type\":\"SearchAction\",\"target\":{\"@type\":\"EntryPoint\",\"urlTemplate\":\"https:\/\/jf-sequeira.pt\/?s={search_term_string}\"},\"query-input\":{\"@type\":\"PropertyValueSpecification\",\"valueRequired\":true,\"valueName\":\"search_term_string\"}}],\"inLanguage\":\"pt-PT\"},{\"@type\":\"Organization\",\"@id\":\"https:\/\/jf-sequeira.pt\/#organization\",\"name\":\"Junta de freguesia Sequeira\",\"url\":\"https:\/\/jf-sequeira.pt\/\",\"logo\":{\"@type\":\"ImageObject\",\"inLanguage\":\"pt-PT\",\"@id\":\"https:\/\/jf-sequeira.pt\/#\/schema\/logo\/image\/\",\"url\":\"https:\/\/jf-sequeira.pt\/wp-content\/uploads\/2024\/06\/logo-junta.jpg\",\"contentUrl\":\"https:\/\/jf-sequeira.pt\/wp-content\/uploads\/2024\/06\/logo-junta.jpg\",\"width\":664,\"height\":762,\"caption\":\"Junta de freguesia Sequeira\"},\"image\":{\"@id\":\"https:\/\/jf-sequeira.pt\/#\/schema\/logo\/image\/\"},\"sameAs\":[\"https:\/\/www.facebook.com\/junta.freguesia.sequeira\"]}]}<\/script>\n<!-- \/ Yoast SEO plugin. -->","yoast_head_json":{"title":"Documentos da assembleia - Junta de freguesia Sequeira","robots":{"index":"index","follow":"follow","max-snippet":"max-snippet:-1","max-image-preview":"max-image-preview:large","max-video-preview":"max-video-preview:-1"},"canonical":"https:\/\/jf-sequeira.pt\/index.php\/documentos-da-assembleia\/","og_locale":"pt_PT","og_type":"article","og_title":"Documentos da assembleia - Junta de freguesia Sequeira","og_description":"Documentos da assembleia Avisos 2024 De momento sem avisos. Documentos Presta\u00e7\u00f5es de contas 2025 De momento sem presta\u00e7\u00f5es de contas. Presta\u00e7\u00f5es de contas 2024 1 &#8211; Demonstra\u00e7\u00e3o do desempenho Or\u00e7amental_2024 2 &#8211; Demonstra\u00e7\u00e3o da Execu\u00e7\u00e3o Or\u00e7amental da Despesa_2024 3 &#8211; Demonstra\u00e7\u00e3o da Execu\u00e7\u00e3o Or\u00e7amental da Receita 4 &#8211; Demonstra\u00e7\u00e3o da Execu\u00e7\u00e3o de PPI_2024 5 &#8211;&hellip;&nbsp;Ler mais &raquo;Documentos da assembleia","og_url":"https:\/\/jf-sequeira.pt\/index.php\/documentos-da-assembleia\/","og_site_name":"Junta de freguesia Sequeira","article_publisher":"https:\/\/www.facebook.com\/junta.freguesia.sequeira","article_modified_time":"2025-09-19T10:40:58+00:00","twitter_card":"summary_large_image","twitter_misc":{"Tempo estimado de leitura":"1 minuto"},"schema":{"@context":"https:\/\/schema.org","@graph":[{"@type":"WebPage","@id":"https:\/\/jf-sequeira.pt\/index.php\/documentos-da-assembleia\/","url":"https:\/\/jf-sequeira.pt\/index.php\/documentos-da-assembleia\/","name":"Documentos da assembleia - Junta de freguesia Sequeira","isPartOf":{"@id":"https:\/\/jf-sequeira.pt\/#website"},"datePublished":"2024-06-22T09:52:11+00:00","dateModified":"2025-09-19T10:40:58+00:00","breadcrumb":{"@id":"https:\/\/jf-sequeira.pt\/index.php\/documentos-da-assembleia\/#breadcrumb"},"inLanguage":"pt-PT","potentialAction":[{"@type":"ReadAction","target":["https:\/\/jf-sequeira.pt\/index.php\/documentos-da-assembleia\/"]}]},{"@type":"BreadcrumbList","@id":"https:\/\/jf-sequeira.pt\/index.php\/documentos-da-assembleia\/#breadcrumb","itemListElement":[{"@type":"ListItem","position":1,"name":"In\u00edcio","item":"https:\/\/jf-sequeira.pt\/"},{"@type":"ListItem","position":2,"name":"Documentos da assembleia"}]},{"@type":"WebSite","@id":"https:\/\/jf-sequeira.pt\/#website","url":"https:\/\/jf-sequeira.pt\/","name":"Junta de freguesia Sequeira","description":"","publisher":{"@id":"https:\/\/jf-sequeira.pt\/#organization"},"potentialAction":[{"@type":"SearchAction","target":{"@type":"EntryPoint","urlTemplate":"https:\/\/jf-sequeira.pt\/?s={search_term_string}"},"query-input":{"@type":"PropertyValueSpecification","valueRequired":true,"valueName":"search_term_string"}}],"inLanguage":"pt-PT"},{"@type":"Organization","@id":"https:\/\/jf-sequeira.pt\/#organization","name":"Junta de freguesia Sequeira","url":"https:\/\/jf-sequeira.pt\/","logo":{"@type":"ImageObject","inLanguage":"pt-PT","@id":"https:\/\/jf-sequeira.pt\/#\/schema\/logo\/image\/","url":"https:\/\/jf-sequeira.pt\/wp-content\/uploads\/2024\/06\/logo-junta.jpg","contentUrl":"https:\/\/jf-sequeira.pt\/wp-content\/uploads\/2024\/06\/logo-junta.jpg","width":664,"height":762,"caption":"Junta de freguesia Sequeira"},"image":{"@id":"https:\/\/jf-sequeira.pt\/#\/schema\/logo\/image\/"},"sameAs":["https:\/\/www.facebook.com\/junta.freguesia.sequeira"]}]}},"_links":{"self":[{"href":"https:\/\/jf-sequeira.pt\/index.php\/wp-json\/wp\/v2\/pages\/156","targetHints":{"allow":["GET"]}}],"collection":[{"href":"https:\/\/jf-sequeira.pt\/index.php\/wp-json\/wp\/v2\/pages"}],"about":[{"href":"https:\/\/jf-sequeira.pt\/index.php\/wp-json\/wp\/v2\/types\/page"}],"author":[{"embeddable":true,"href":"https:\/\/jf-sequeira.pt\/index.php\/wp-json\/wp\/v2\/users\/2"}],"replies":[{"embeddable":true,"href":"https:\/\/jf-sequeira.pt\/index.php\/wp-json\/wp\/v2\/comments?post=156"}],"version-history":[{"count":28,"href":"https:\/\/jf-sequeira.pt\/index.php\/wp-json\/wp\/v2\/pages\/156\/revisions"}],"predecessor-version":[{"id":846,"href":"https:\/\/jf-sequeira.pt\/index.php\/wp-json\/wp\/v2\/pages\/156\/revisions\/846"}],"wp:attachment":[{"href":"https:\/\/jf-sequeira.pt\/index.php\/wp-json\/wp\/v2\/media?parent=156"}],"curies":[{"name":"wp","href":"https:\/\/api.w.org\/{rel}","templated":true}]}}